{"id":10597,"date":"2023-09-21T12:28:25","date_gmt":"2023-09-21T10:28:25","guid":{"rendered":"https:\/\/vivasem.ro\/?post_type=product&#038;p=10597"},"modified":"2026-03-26T11:10:40","modified_gmt":"2026-03-26T09:10:40","slug":"creata-romaneasca-de-buzau","status":"publish","type":"product","link":"https:\/\/vivasem.ro\/?product=creata-romaneasca-de-buzau","title":{"rendered":"_CREATA ROM\u00c2NEASC\u0102 DE BUZ\u0102U"},"content":{"rendered":"<h6><span style=\"color: #ff0000;\">CREATA ROM\u00c2NEASC\u0102 DE BUZ\u0102U,\u00a0<\/span><\/h6>\n<h6><span style=\"color: #000080;\"><strong>UN EXCEP\u021aIONAL SOI AL GR\u0102DINARILOR BUZOIENI ,\u00a0 CARACTERIZAT PRIN FRUCTE\u00a0 MARI ,\u00ceN MEDIE DE 150-400 GRAME<\/strong>.<\/span><\/h6>\n<h6><span style=\"color: #0000ff;\">TOMATELE AU\u00a0 GUST EXCEP\u021aIONAL, CU AROM\u0102 DE RO\u0218IE CLASIC\u0102, FOARTE DULCE, BINE ECHILIBRAT ACID.<\/span><\/h6>\n<h6><span style=\"color: #ff0000;\">SUNT DE CULOARE RO\u0218IE-INTENS\u0102, SUNT,\u00a0 C\u0102RNOASE,\u00a0 ,DE DURITATE MEDIE , CE PERMITE FELIEREA \u0218I T\u0102IEREA IN CUBURI, CU PU\u021aINE SEMIN\u021aE.<\/span><\/h6>\n<h6><span style=\"color: #000080;\">PLANTELE SUNT SEMITIMPURII, NEDETERMINATE , FOARTE VIGUROASE, CE \u00ceN SOLAR AU TRECUT DE 2,5 m. \u00ceN\u0102L\u021aIME, <\/span><span style=\"color: #000080;\">\u00a0FOARTE REZISTENTE LA TEMPERATURI RIDICATE \u0218I CU REZISTEN\u021a\u0102 BUN\u0102 LA SECET\u0102 \u0218I BOLI. DE ASEMENI AU EVOLUAT PERFECT \u0218I LA ZONA MAI RECE A BRA\u0218OVULUI.<\/span><\/h6>\n<h6>PRODUCTIVITATEA ESTE RIDICAT\u0102 .<\/h6>\n","protected":false},"excerpt":{"rendered":"<h6><span style=\"color: #0000ff;\">25 SEMIN\u021aE<\/span><\/h6>\n<h6><span style=\"color: #ff00ff;\">GUST EXCEP\u021aIONAL ! <\/span><span style=\"color: #ff00ff;\">SOI GIGANT FOARTE REZISTENT !<\/span><\/h6>\n<p><img loading=\"lazy\" decoding=\"async\" class=\"alignnone size-medium wp-image-17985\" src=\"https:\/\/vivasem.ro\/wp-content\/uploads\/2025\/05\/SOI-ROMANESC-300x106.jpg\" alt=\"\" width=\"300\" height=\"106\" srcset=\"https:\/\/vivasem.ro\/wp-content\/uploads\/2025\/05\/SOI-ROMANESC-300x106.jpg 300w, https:\/\/vivasem.ro\/wp-content\/uploads\/2025\/05\/SOI-ROMANESC-150x53.jpg 150w, https:\/\/vivasem.ro\/wp-content\/uploads\/2025\/05\/SOI-ROMANESC-248x88.jpg 248w, https:\/\/vivasem.ro\/wp-content\/uploads\/2025\/05\/SOI-ROMANESC-590x209.jpg 590w, https:\/\/vivasem.ro\/wp-content\/uploads\/2025\/05\/SOI-ROMANESC.jpg 700w\" sizes=\"auto, (max-width: 300px) 100vw, 300px\" \/><\/p>\n","protected":false},"featured_media":16276,"comment_status":"open","ping_status":"closed","template":"","meta":{"site-sidebar-layout":"default","site-content-layout":"default","ast-site-content-layout":"default","site-content-style":"default","site-sidebar-style":"default","ast-global-header-display":"","ast-banner-title-visibility":"","ast-main-header-display":"","ast-hfb-above-header-display":"","ast-hfb-below-header-display":"","ast-hfb-mobile-header-display":"","site-post-title":"","ast-breadcrumbs-content":"","ast-featured-img":"","footer-sml-layout":"","ast-disable-related-posts":"","theme-transparent-header-meta":"default","adv-header-id-meta":"","stick-header-meta":"","header-above-stick-meta":"","header-main-stick-meta":"","header-below-stick-meta":"","astra-migrate-meta-layouts":"set","ast-page-background-enabled":"default","ast-page-background-meta":{"desktop":{"background-color":"var(--ast-global-color-4)","background-image":"","background-repeat":"repeat","background-position":"center center","background-size":"auto","background-attachment":"scroll","background-type":"","background-media":"","overlay-type":"","overlay-color":"","overlay-opacity":"","overlay-gradient":""},"tablet":{"background-color":"","background-image":"","background-repeat":"repeat","background-position":"center center","background-size":"auto","background-attachment":"scroll","background-type":"","background-media":"","overlay-type":"","overlay-color":"","overlay-opacity":"","overlay-gradient":""},"mobile":{"background-color":"","background-image":"","background-repeat":"repeat","background-position":"center center","background-size":"auto","background-attachment":"scroll","background-type":"","background-media":"","overlay-type":"","overlay-color":"","overlay-opacity":"","overlay-gradient":""}},"ast-content-background-meta":{"desktop":{"background-color":"var(--ast-global-color-5)","background-image":"","background-repeat":"repeat","background-position":"center center","background-size":"auto","background-attachment":"scroll","background-type":"","background-media":"","overlay-type":"","overlay-color":"","overlay-opacity":"","overlay-gradient":""},"tablet":{"background-color":"var(--ast-global-color-5)","background-image":"","background-repeat":"repeat","background-position":"center center","background-size":"auto","background-attachment":"scroll","background-type":"","background-media":"","overlay-type":"","overlay-color":"","overlay-opacity":"","overlay-gradient":""},"mobile":{"background-color":"var(--ast-global-color-5)","background-image":"","background-repeat":"repeat","background-position":"center center","background-size":"auto","background-attachment":"scroll","background-type":"","background-media":"","overlay-type":"","overlay-color":"","overlay-opacity":"","overlay-gradient":""}}},"product_brand":[],"product_cat":[141,140,142,15],"product_tag":[],"class_list":{"0":"post-10597","1":"product","2":"type-product","3":"status-publish","4":"has-post-thumbnail","6":"product_cat-soi-gigant-urias","7":"product_cat-soiuri-romanesti","8":"product_cat-soiuri-rosii-roz","9":"product_cat-tomate-soi","10":"desktop-align-left","11":"tablet-align-left","12":"mobile-align-left","14":"first","15":"instock","16":"taxable","17":"shipping-taxable","18":"purchasable","19":"product-type-simple"},"_links":{"self":[{"href":"https:\/\/vivasem.ro\/index.php?rest_route=\/wp\/v2\/product\/10597","targetHints":{"allow":["GET"]}}],"collection":[{"href":"https:\/\/vivasem.ro\/index.php?rest_route=\/wp\/v2\/product"}],"about":[{"href":"https:\/\/vivasem.ro\/index.php?rest_route=\/wp\/v2\/types\/product"}],"replies":[{"embeddable":true,"href":"https:\/\/vivasem.ro\/index.php?rest_route=%2Fwp%2Fv2%2Fcomments&post=10597"}],"wp:featuredmedia":[{"embeddable":true,"href":"https:\/\/vivasem.ro\/index.php?rest_route=\/wp\/v2\/media\/16276"}],"wp:attachment":[{"href":"https:\/\/vivasem.ro\/index.php?rest_route=%2Fwp%2Fv2%2Fmedia&parent=10597"}],"wp:term":[{"taxonomy":"product_brand","embeddable":true,"href":"https:\/\/vivasem.ro\/index.php?rest_route=%2Fwp%2Fv2%2Fproduct_brand&post=10597"},{"taxonomy":"product_cat","embeddable":true,"href":"https:\/\/vivasem.ro\/index.php?rest_route=%2Fwp%2Fv2%2Fproduct_cat&post=10597"},{"taxonomy":"product_tag","embeddable":true,"href":"https:\/\/vivasem.ro\/index.php?rest_route=%2Fwp%2Fv2%2Fproduct_tag&post=10597"}],"curies":[{"name":"wp","href":"https:\/\/api.w.org\/{rel}","templated":true}]}}