{"id":10574,"date":"2023-09-19T17:04:38","date_gmt":"2023-09-19T15:04:38","guid":{"rendered":"https:\/\/vivasem.ro\/?post_type=product&#038;p=10574"},"modified":"2024-01-31T22:51:21","modified_gmt":"2024-01-31T20:51:21","slug":"castraveti-de-salata-gergana-opal-zi-bulgaria-8g","status":"publish","type":"product","link":"https:\/\/vivasem.ro\/?product=castraveti-de-salata-gergana-opal-zi-bulgaria-8g","title":{"rendered":"\u201e\u201eCASTRAVETI DE SALAT\u0102 GERGANA (Opal ZI-Bulgaria) (8g)"},"content":{"rendered":"<h6><span style=\"color: #ff0000;\"><strong><u> CASTRAVETI GERGANA,<\/u><\/strong><\/span><\/h6>\n<h6><span style=\"color: #ff0000;\"><strong>Produc\u0103tor :Opal ZI-Bulgaria<\/strong><\/span><strong><br \/>\n<span style=\"color: #0000ff;\">Un soi bulgaresc popular de castraveti de salata, potrivit pentru cultivare in camp liber,\u00een solarii \u0219i sere.. <\/span><\/strong><\/h6>\n<h6><strong><span style=\"color: #0000ff;\">Fructele sunt de culoare verde inchis, lucioase, cu negi rari \u0219i \u021bepi foarte fini.<\/span><\/strong><\/h6>\n<h6><span style=\"color: #ff0000;\"><strong>L<\/strong><strong>ungimea este de 25-30 cm.<\/strong><strong>Greutate medie de 200-330 g.<\/strong><\/span><\/h6>\n<h6><strong><span style=\"color: #0000ff;\"> Suport\u0103 bine schimbarile bru\u0219te de temperatur\u0103.<\/span><\/strong><\/h6>\n<h6><strong><span style=\"color: #0000ff;\"><span style=\"color: #ff0000;\"> Au propriet\u0103\u021bi gustative excelente , sunt dulci, aroma\u021bi,far\u0103 urme de gust amar.<\/span><br \/>\n<span style=\"color: #ff0000;\">Soi timpuriu cu crestere luxurianta ,\u0219i randament ridicat.<\/span><br \/>\nEste tolerant la mozaic castravete, moderat sensibil la fainare, nu este afectat de schimbarile bruste de temperatura.<br \/>\nPerioada de vegetatie 57-60 zile (de la germinare).<br \/>\nSe recomand\u0103 \u00eens\u0103m\u021bn\u021barea la: 100 de cm intre randuri si 60 cm intre plante.<br \/>\nRandament mediu de 12-13 tone la hectar.<\/span><\/strong><\/h6>\n<h6><strong><span style=\"color: #0000ff;\">Continut: 28-35 seminte\/gram<br \/>\nPlantare: martie-august<br \/>\nRecoltare: iunie-septembrie<br \/>\n<\/span><\/strong><\/h6>\n<h6>Este potrivit pentru\u00a0 consum proasp\u0103t,dar \u0219i pentru conservat, .<\/h6>\n","protected":false},"excerpt":{"rendered":"<h6><span style=\"color: #0000ff;\">8 GRAME\/circa 270 SEMIN\u021aE <\/span><\/h6>\n<h6><span style=\"color: #0000ff;\"><span style=\"color: #ff00ff;\">Soi viguros, rezistent,foarte productiv !<\/span><\/span><\/h6>\n","protected":false},"featured_media":11394,"comment_status":"open","ping_status":"closed","template":"","meta":{"site-sidebar-layout":"default","site-content-layout":"default","ast-site-content-layout":"default","site-content-style":"default","site-sidebar-style":"default","ast-global-header-display":"","ast-banner-title-visibility":"","ast-main-header-display":"","ast-hfb-above-header-display":"","ast-hfb-below-header-display":"","ast-hfb-mobile-header-display":"","site-post-title":"","ast-breadcrumbs-content":"","ast-featured-img":"","footer-sml-layout":"","ast-disable-related-posts":"","theme-transparent-header-meta":"default","adv-header-id-meta":"","stick-header-meta":"","header-above-stick-meta":"","header-main-stick-meta":"","header-below-stick-meta":"","astra-migrate-meta-layouts":"set","ast-page-background-enabled":"default","ast-page-background-meta":{"desktop":{"background-color":"var(--ast-global-color-4)","background-image":"","background-repeat":"repeat","background-position":"center center","background-size":"auto","background-attachment":"scroll","background-type":"","background-media":"","overlay-type":"","overlay-color":"","overlay-opacity":"","overlay-gradient":""},"tablet":{"background-color":"","background-image":"","background-repeat":"repeat","background-position":"center center","background-size":"auto","background-attachment":"scroll","background-type":"","background-media":"","overlay-type":"","overlay-color":"","overlay-opacity":"","overlay-gradient":""},"mobile":{"background-color":"","background-image":"","background-repeat":"repeat","background-position":"center center","background-size":"auto","background-attachment":"scroll","background-type":"","background-media":"","overlay-type":"","overlay-color":"","overlay-opacity":"","overlay-gradient":""}},"ast-content-background-meta":{"desktop":{"background-color":"var(--ast-global-color-5)","background-image":"","background-repeat":"repeat","background-position":"center center","background-size":"auto","background-attachment":"scroll","background-type":"","background-media":"","overlay-type":"","overlay-color":"","overlay-opacity":"","overlay-gradient":""},"tablet":{"background-color":"var(--ast-global-color-5)","background-image":"","background-repeat":"repeat","background-position":"center center","background-size":"auto","background-attachment":"scroll","background-type":"","background-media":"","overlay-type":"","overlay-color":"","overlay-opacity":"","overlay-gradient":""},"mobile":{"background-color":"var(--ast-global-color-5)","background-image":"","background-repeat":"repeat","background-position":"center center","background-size":"auto","background-attachment":"scroll","background-type":"","background-media":"","overlay-type":"","overlay-color":"","overlay-opacity":"","overlay-gradient":""}}},"product_brand":[],"product_cat":[147,136],"product_tag":[],"class_list":{"0":"post-10574","1":"product","2":"type-product","3":"status-publish","4":"has-post-thumbnail","6":"product_cat-02-castraveti","7":"product_cat-castraveti-soi","8":"desktop-align-left","9":"tablet-align-left","10":"mobile-align-left","12":"first","13":"outofstock","14":"taxable","15":"shipping-taxable","16":"purchasable","17":"product-type-simple"},"_links":{"self":[{"href":"https:\/\/vivasem.ro\/index.php?rest_route=\/wp\/v2\/product\/10574","targetHints":{"allow":["GET"]}}],"collection":[{"href":"https:\/\/vivasem.ro\/index.php?rest_route=\/wp\/v2\/product"}],"about":[{"href":"https:\/\/vivasem.ro\/index.php?rest_route=\/wp\/v2\/types\/product"}],"replies":[{"embeddable":true,"href":"https:\/\/vivasem.ro\/index.php?rest_route=%2Fwp%2Fv2%2Fcomments&post=10574"}],"wp:featuredmedia":[{"embeddable":true,"href":"https:\/\/vivasem.ro\/index.php?rest_route=\/wp\/v2\/media\/11394"}],"wp:attachment":[{"href":"https:\/\/vivasem.ro\/index.php?rest_route=%2Fwp%2Fv2%2Fmedia&parent=10574"}],"wp:term":[{"taxonomy":"product_brand","embeddable":true,"href":"https:\/\/vivasem.ro\/index.php?rest_route=%2Fwp%2Fv2%2Fproduct_brand&post=10574"},{"taxonomy":"product_cat","embeddable":true,"href":"https:\/\/vivasem.ro\/index.php?rest_route=%2Fwp%2Fv2%2Fproduct_cat&post=10574"},{"taxonomy":"product_tag","embeddable":true,"href":"https:\/\/vivasem.ro\/index.php?rest_route=%2Fwp%2Fv2%2Fproduct_tag&post=10574"}],"curies":[{"name":"wp","href":"https:\/\/api.w.org\/{rel}","templated":true}]}}