{"id":10562,"date":"2023-09-19T08:17:15","date_gmt":"2023-09-19T06:17:15","guid":{"rendered":"https:\/\/vivasem.ro\/?post_type=product&#038;p=10562"},"modified":"2026-02-04T10:57:22","modified_gmt":"2026-02-04T08:57:22","slug":"aunt-rubys-german-green-oferta-21-gratis","status":"publish","type":"product","link":"https:\/\/vivasem.ro\/?product=aunt-rubys-german-green-oferta-21-gratis","title":{"rendered":"AUNT RUBY&#8217;S GERMAN GREEN (Ofert\u0103 )"},"content":{"rendered":"<h6><span style=\"color: #ff0000;\">AUNT RUBY&#8217;S GERMAN GREEN -Reimeer Seeds USA,<\/span><\/h6>\n<h6><span style=\"color: #000080;\">SOI DEOSEBIT, FIIND SINGURA TOMAT\u0102 VERDE BEEFSTEAK CUNOSCUT\u0102.<\/span><\/h6>\n<h6>CARACTERIZAT DE\u00a0 FRUCTE MARI , \u00ceN MEDIE DE 200-300 grame,\u00a0 <span style=\"color: #0000ff;\">IAR UNELE AJUNG \u0218I PESTE\u00a0 500 grame.<\/span><\/h6>\n<h6>TOMATELE SUNT DE CULOARE VERDE \u00ceN ZONA SUPERIOAR\u0102, IAR LA COACERE ZONA INFERIOAR\u0102 SE COLOREAZ\u0102 \u00ceN GALBEN \u0218I CRESC \u00ceN CIORCHINI DE 2-3 .<\/h6>\n<h6><span style=\"color: #0000ff;\">GUST EXCEP\u021aIONAL, FOARTE DULCE, NEACID,\u00a0 CU O AROM\u0102\u00a0 FOARTE INTENS\u0102\u00a0 .<\/span><\/h6>\n<h6>PULPA ESTE\u00a0 FERM\u0102, C\u0102RNOAS\u0102, SUCULENT\u0102, PERFECT\u0102 PENTRU SALATE, DAR \u0218I DE CONSERVAT, G\u0102TIT, ETC.<\/h6>\n<h6>PLANTELE NEDETERMINATE,\u00a0 SUNT FOARTE PRODUCTIVE\u00a0 , CU FOARTE BUNE REZULTATE \u00ceN GR\u0102DIN\u0102, DAR \u0218I \u00ceN SOLAR.<\/h6>\n<h6><span style=\"color: #0000ff;\">A C\u00c2\u0218TIGAT \u00ceN 2003\u00a0 CONCURSUL Heirloom Garden Show&#8217;s PENTRU CEL MAI BUN GUST.\u00a0<\/span><\/h6>\n<h6>TIMPURIETATE MEDIE,\u00a0 85\u00a0 ZILE DE LA TRANSPLANT.<\/h6>\n<h6>SOI HEIRLOOM, DIN GERMANIA, ADUS \u00ceN SUA DE BUNICUL IMIGRANT A LUI ARNOLD RUBY, CARE L-A AMELIORAT \u0218I POPULARIZAT.<\/h6>\n","protected":false},"excerpt":{"rendered":"<h6><span style=\"color: #ff00ff;\">GUST EXCEP\u021aIONAL !<\/span><\/h6>\n<h6><span style=\"color: #ff00ff;\">SOI DEOSEBIT !<\/span><\/h6>\n","protected":false},"featured_media":5728,"comment_status":"open","ping_status":"closed","template":"","meta":{"site-sidebar-layout":"default","site-content-layout":"default","ast-site-content-layout":"default","site-content-style":"default","site-sidebar-style":"default","ast-global-header-display":"","ast-banner-title-visibility":"","ast-main-header-display":"","ast-hfb-above-header-display":"","ast-hfb-below-header-display":"","ast-hfb-mobile-header-display":"","site-post-title":"","ast-breadcrumbs-content":"","ast-featured-img":"","footer-sml-layout":"","ast-disable-related-posts":"","theme-transparent-header-meta":"default","adv-header-id-meta":"","stick-header-meta":"","header-above-stick-meta":"","header-main-stick-meta":"","header-below-stick-meta":"","astra-migrate-meta-layouts":"set","ast-page-background-enabled":"default","ast-page-background-meta":{"desktop":{"background-color":"var(--ast-global-color-4)","background-image":"","background-repeat":"repeat","background-position":"center center","background-size":"auto","background-attachment":"scroll","background-type":"","background-media":"","overlay-type":"","overlay-color":"","overlay-opacity":"","overlay-gradient":""},"tablet":{"background-color":"","background-image":"","background-repeat":"repeat","background-position":"center center","background-size":"auto","background-attachment":"scroll","background-type":"","background-media":"","overlay-type":"","overlay-color":"","overlay-opacity":"","overlay-gradient":""},"mobile":{"background-color":"","background-image":"","background-repeat":"repeat","background-position":"center center","background-size":"auto","background-attachment":"scroll","background-type":"","background-media":"","overlay-type":"","overlay-color":"","overlay-opacity":"","overlay-gradient":""}},"ast-content-background-meta":{"desktop":{"background-color":"var(--ast-global-color-5)","background-image":"","background-repeat":"repeat","background-position":"center center","background-size":"auto","background-attachment":"scroll","background-type":"","background-media":"","overlay-type":"","overlay-color":"","overlay-opacity":"","overlay-gradient":""},"tablet":{"background-color":"var(--ast-global-color-5)","background-image":"","background-repeat":"repeat","background-position":"center center","background-size":"auto","background-attachment":"scroll","background-type":"","background-media":"","overlay-type":"","overlay-color":"","overlay-opacity":"","overlay-gradient":""},"mobile":{"background-color":"var(--ast-global-color-5)","background-image":"","background-repeat":"repeat","background-position":"center center","background-size":"auto","background-attachment":"scroll","background-type":"","background-media":"","overlay-type":"","overlay-color":"","overlay-opacity":"","overlay-gradient":""}}},"product_brand":[],"product_cat":[180,139,141,15],"product_tag":[],"class_list":{"0":"post-10562","1":"product","2":"type-product","3":"status-publish","4":"has-post-thumbnail","6":"product_cat-oferte-de-pret-cantitate","7":"product_cat-tomate-galbene-orange-bicolore-verzi","8":"product_cat-soi-gigant-urias","9":"product_cat-tomate-soi","10":"pa_numar-s-40-100-seminte","11":"pa_numar-s-40-120-seminte","12":"pa_numar-s-40-160-seminte","13":"pa_numar-s-40-20-seminte","14":"pa_numar-s-40-200-seminte","15":"pa_numar-s-40-40-seminte","16":"pa_numar-s-40-400-seminte","17":"pa_numar-s-40-80-seminte","18":"desktop-align-left","19":"tablet-align-left","20":"mobile-align-left","22":"first","23":"instock","24":"sale","25":"taxable","26":"shipping-taxable","27":"purchasable","28":"product-type-variable"},"_links":{"self":[{"href":"https:\/\/vivasem.ro\/index.php?rest_route=\/wp\/v2\/product\/10562","targetHints":{"allow":["GET"]}}],"collection":[{"href":"https:\/\/vivasem.ro\/index.php?rest_route=\/wp\/v2\/product"}],"about":[{"href":"https:\/\/vivasem.ro\/index.php?rest_route=\/wp\/v2\/types\/product"}],"replies":[{"embeddable":true,"href":"https:\/\/vivasem.ro\/index.php?rest_route=%2Fwp%2Fv2%2Fcomments&post=10562"}],"wp:featuredmedia":[{"embeddable":true,"href":"https:\/\/vivasem.ro\/index.php?rest_route=\/wp\/v2\/media\/5728"}],"wp:attachment":[{"href":"https:\/\/vivasem.ro\/index.php?rest_route=%2Fwp%2Fv2%2Fmedia&parent=10562"}],"wp:term":[{"taxonomy":"product_brand","embeddable":true,"href":"https:\/\/vivasem.ro\/index.php?rest_route=%2Fwp%2Fv2%2Fproduct_brand&post=10562"},{"taxonomy":"product_cat","embeddable":true,"href":"https:\/\/vivasem.ro\/index.php?rest_route=%2Fwp%2Fv2%2Fproduct_cat&post=10562"},{"taxonomy":"product_tag","embeddable":true,"href":"https:\/\/vivasem.ro\/index.php?rest_route=%2Fwp%2Fv2%2Fproduct_tag&post=10562"}],"curies":[{"name":"wp","href":"https:\/\/api.w.org\/{rel}","templated":true}]}}