{"id":10556,"date":"2023-09-19T07:19:50","date_gmt":"2023-09-19T05:19:50","guid":{"rendered":"https:\/\/vivasem.ro\/?post_type=product&#038;p=10556"},"modified":"2024-02-27T14:19:23","modified_gmt":"2024-02-27T12:19:23","slug":"red-star-cherry-steaua-rosie-cherry-oferta-21-gratis","status":"publish","type":"product","link":"https:\/\/vivasem.ro\/?product=red-star-cherry-steaua-rosie-cherry-oferta-21-gratis","title":{"rendered":"CHERRY RED STAR (Steaua Ro\u0219ie Cherry) (OFERTA 2+1 GRATIS)"},"content":{"rendered":"<h6><span style=\"color: #ff0000;\">RED STAR CHERRY(Steaua Ro\u0219ie Cherry)<\/span>,<\/h6>\n<h6><span style=\"color: #0000ff;\">SOI EXCEP\u021aIONAL, DE CHERRY MARE, 20-40 grame,\u00a0 ETALON PENTRU O MINI TOMAT\u0102, CLASIC, AT\u0102T PRIN FORMA SFERIC\u0102, U\u0218OR TURTIT\u0102.<\/span><\/h6>\n<h6>CULOAREA INTENS\u0102, RO\u0218IE, <span style=\"color: #0000ff;\">GUSTUL EXCEP\u021aIONAL, PERFECT ECHILIBRAT DULCE-ACRI\u0218OR, CU AROM\u0102 INTENS\u0102. <\/span><\/h6>\n<h6><span style=\"color: #0000ff;\">FRUCTELE SUNT SUCULENTE, C\u0102RNOASE .<\/span><\/h6>\n<h6>PLANTELE SUNT TIMPURII, NEDETERMINATE, VIGUROASE,DEP\u0102\u0218IND 3 m \u00ceN SOLAR , <span style=\"color: #0000ff;\">DEOSEBIT DE PRODUCTIVE \u0218I FORMEAZ\u0102 CIORCHINI NUMERO\u0218I DE 4-6 FRUCTE.<\/span><\/h6>\n<h6>ORIGINAR DIN UCRAINA, ESTE UN SOI <span style=\"color: #0000ff;\">FOARTE REZISTENT LA VARIA\u021aII TERMICE \u0218I LA TEMPERATURI SC\u0102ZUTE.<\/span><\/h6>\n<h6><span style=\"color: #0000ff;\">MULT CULTIVAT \u00ceN SPA\u021aIUL FOSTULUI URSS<\/span><\/h6>\n<p>&nbsp;<\/p>\n","protected":false},"excerpt":{"rendered":"<h6><span style=\"color: #0000ff;\">120 SEMIN\u021aE (3&#215;40 semin\u021be)<\/span><\/h6>\n<h6><span style=\"color: #ff00ff;\">GUST EXCEP\u021aIONAL, <\/span><span style=\"color: #ff00ff;\">SOI REZISTENT, FOARTE PRODUCTIV !<\/span><\/h6>\n","protected":false},"featured_media":12462,"comment_status":"open","ping_status":"closed","template":"","meta":{"site-sidebar-layout":"default","site-content-layout":"default","ast-site-content-layout":"default","site-content-style":"default","site-sidebar-style":"default","ast-global-header-display":"","ast-banner-title-visibility":"","ast-main-header-display":"","ast-hfb-above-header-display":"","ast-hfb-below-header-display":"","ast-hfb-mobile-header-display":"","site-post-title":"","ast-breadcrumbs-content":"","ast-featured-img":"","footer-sml-layout":"","ast-disable-related-posts":"","theme-transparent-header-meta":"default","adv-header-id-meta":"","stick-header-meta":"","header-above-stick-meta":"","header-main-stick-meta":"","header-below-stick-meta":"","astra-migrate-meta-layouts":"set","ast-page-background-enabled":"default","ast-page-background-meta":{"desktop":{"background-color":"var(--ast-global-color-4)","background-image":"","background-repeat":"repeat","background-position":"center center","background-size":"auto","background-attachment":"scroll","background-type":"","background-media":"","overlay-type":"","overlay-color":"","overlay-opacity":"","overlay-gradient":""},"tablet":{"background-color":"","background-image":"","background-repeat":"repeat","background-position":"center center","background-size":"auto","background-attachment":"scroll","background-type":"","background-media":"","overlay-type":"","overlay-color":"","overlay-opacity":"","overlay-gradient":""},"mobile":{"background-color":"","background-image":"","background-repeat":"repeat","background-position":"center center","background-size":"auto","background-attachment":"scroll","background-type":"","background-media":"","overlay-type":"","overlay-color":"","overlay-opacity":"","overlay-gradient":""}},"ast-content-background-meta":{"desktop":{"background-color":"var(--ast-global-color-5)","background-image":"","background-repeat":"repeat","background-position":"center center","background-size":"auto","background-attachment":"scroll","background-type":"","background-media":"","overlay-type":"","overlay-color":"","overlay-opacity":"","overlay-gradient":""},"tablet":{"background-color":"var(--ast-global-color-5)","background-image":"","background-repeat":"repeat","background-position":"center center","background-size":"auto","background-attachment":"scroll","background-type":"","background-media":"","overlay-type":"","overlay-color":"","overlay-opacity":"","overlay-gradient":""},"mobile":{"background-color":"var(--ast-global-color-5)","background-image":"","background-repeat":"repeat","background-position":"center center","background-size":"auto","background-attachment":"scroll","background-type":"","background-media":"","overlay-type":"","overlay-color":"","overlay-opacity":"","overlay-gradient":""}}},"product_brand":[],"product_cat":[143,142,15],"product_tag":[],"class_list":{"0":"post-10556","1":"product","2":"type-product","3":"status-publish","4":"has-post-thumbnail","6":"product_cat-soiuri-timpurii-cherry","7":"product_cat-soiuri-rosii-roz","8":"product_cat-tomate-soi","9":"desktop-align-left","10":"tablet-align-left","11":"mobile-align-left","13":"first","14":"instock","15":"taxable","16":"shipping-taxable","17":"purchasable","18":"product-type-simple"},"_links":{"self":[{"href":"https:\/\/vivasem.ro\/index.php?rest_route=\/wp\/v2\/product\/10556","targetHints":{"allow":["GET"]}}],"collection":[{"href":"https:\/\/vivasem.ro\/index.php?rest_route=\/wp\/v2\/product"}],"about":[{"href":"https:\/\/vivasem.ro\/index.php?rest_route=\/wp\/v2\/types\/product"}],"replies":[{"embeddable":true,"href":"https:\/\/vivasem.ro\/index.php?rest_route=%2Fwp%2Fv2%2Fcomments&post=10556"}],"wp:featuredmedia":[{"embeddable":true,"href":"https:\/\/vivasem.ro\/index.php?rest_route=\/wp\/v2\/media\/12462"}],"wp:attachment":[{"href":"https:\/\/vivasem.ro\/index.php?rest_route=%2Fwp%2Fv2%2Fmedia&parent=10556"}],"wp:term":[{"taxonomy":"product_brand","embeddable":true,"href":"https:\/\/vivasem.ro\/index.php?rest_route=%2Fwp%2Fv2%2Fproduct_brand&post=10556"},{"taxonomy":"product_cat","embeddable":true,"href":"https:\/\/vivasem.ro\/index.php?rest_route=%2Fwp%2Fv2%2Fproduct_cat&post=10556"},{"taxonomy":"product_tag","embeddable":true,"href":"https:\/\/vivasem.ro\/index.php?rest_route=%2Fwp%2Fv2%2Fproduct_tag&post=10556"}],"curies":[{"name":"wp","href":"https:\/\/api.w.org\/{rel}","templated":true}]}}