{"id":10518,"date":"2023-09-15T10:54:58","date_gmt":"2023-09-15T08:54:58","guid":{"rendered":"https:\/\/vivasem.ro\/?post_type=product&#038;p=10518"},"modified":"2025-02-14T15:54:40","modified_gmt":"2025-02-14T13:54:40","slug":"ardei-gras-belinda-superior-seeds-serbia-oferta-10g","status":"publish","type":"product","link":"https:\/\/vivasem.ro\/?product=ardei-gras-belinda-superior-seeds-serbia-oferta-10g","title":{"rendered":"\u201e\u201eARDEI GRAS BELINDA-Superior Seeds (Serbia) (OFERT\u0102 10g)"},"content":{"rendered":"<h6><span style=\"color: #ff0000;\"><strong><u>ARDEI GRAS BELINDA-Superior Seeds Serbia,<\/u><\/strong><\/span><\/h6>\n<h6><span style=\"color: #0000ff;\">Soi s\u00e2rbesc <strong>de ardei gras,<\/strong>dulce, cu fructe de form\u0103 regulat\u0103, cu 3 sau 4 lobi de culoare alb-g\u0103lbuie, iar la maturitate deplin\u0103 se\u00a0 coloreaz\u0103 \u00een ro\u0219u.<\/span><\/h6>\n<h6><strong>\u00a0BELINDA<\/strong> formeaza o tulpina tare, puternic\u0103 \u0219i este destinat culturilor protejate \u0219i \u00een c\u00e2mp deschis.<\/h6>\n<h6><span style=\"color: #0000ff;\">Este foarte roditor si rezistent la boli. <\/span><\/h6>\n<h6><span style=\"color: #ff0000;\">Pulpa este crocant\u0103, suculent\u0103, groas\u0103, iar fructele au greutatea de 100-140 grame in c\u00e2mp sau 150-220 grame, dar \u0219i mai mari, in solar.<\/span><\/h6>\n<h6><span style=\"color: #ff0000;\">Noi am ob\u021binut \u0219i de 230 grame, vezi foto.<\/span><\/h6>\n<h6>Fructele sunt netede si lucioase.<\/h6>\n<h6>Foliajul asigur\u0103 o bun\u0103 protec\u0163ie solar\u0103 a fructelor.<\/h6>\n<h6>Plantare: 60-70 cm \u00eentre r\u00e2nduri,25-30 cm \u00eentre plante.<\/h6>\n<h6><a href=\"https:\/\/vivasem.ro\/wp-content\/uploads\/2021\/11\/RECOMAND.jpg\"><img loading=\"lazy\" decoding=\"async\" class=\"alignnone wp-image-8306\" src=\"https:\/\/vivasem.ro\/wp-content\/uploads\/2021\/11\/RECOMAND.jpg\" alt=\"\" width=\"103\" height=\"100\" \/><\/a><\/h6>\n<h6><span style=\"color: #ff0000;\">\u0218i noi am cultivat acest soi \u0219i am fost foarte mul\u021bumi\u021bi, \u00een primul r\u0103nd de gustul foarte bun, \u00een special dac\u0103 fructele sunt coapte, la ro\u0219u \u0219i apoi de productivitate.<\/span><\/h6>\n","protected":false},"excerpt":{"rendered":"<h6><span style=\"color: #0000ff;\">10 grame\/1500 <\/span><span style=\"color: #0000ff;\">SEMIN\u021aE\u00a0<\/span><\/h6>\n<h6><span style=\"color: #ff00ff;\">FOARTE PRODUCTIV, FRUCTE MARI!<\/span><\/h6>\n","protected":false},"featured_media":10519,"comment_status":"open","ping_status":"closed","template":"","meta":{"site-sidebar-layout":"default","site-content-layout":"default","ast-site-content-layout":"default","site-content-style":"default","site-sidebar-style":"default","ast-global-header-display":"","ast-banner-title-visibility":"","ast-main-header-display":"","ast-hfb-above-header-display":"","ast-hfb-below-header-display":"","ast-hfb-mobile-header-display":"","site-post-title":"","ast-breadcrumbs-content":"","ast-featured-img":"","footer-sml-layout":"","ast-disable-related-posts":"","theme-transparent-header-meta":"default","adv-header-id-meta":"","stick-header-meta":"","header-above-stick-meta":"","header-main-stick-meta":"","header-below-stick-meta":"","astra-migrate-meta-layouts":"set","ast-page-background-enabled":"default","ast-page-background-meta":{"desktop":{"background-color":"var(--ast-global-color-4)","background-image":"","background-repeat":"repeat","background-position":"center center","background-size":"auto","background-attachment":"scroll","background-type":"","background-media":"","overlay-type":"","overlay-color":"","overlay-opacity":"","overlay-gradient":""},"tablet":{"background-color":"","background-image":"","background-repeat":"repeat","background-position":"center center","background-size":"auto","background-attachment":"scroll","background-type":"","background-media":"","overlay-type":"","overlay-color":"","overlay-opacity":"","overlay-gradient":""},"mobile":{"background-color":"","background-image":"","background-repeat":"repeat","background-position":"center center","background-size":"auto","background-attachment":"scroll","background-type":"","background-media":"","overlay-type":"","overlay-color":"","overlay-opacity":"","overlay-gradient":""}},"ast-content-background-meta":{"desktop":{"background-color":"var(--ast-global-color-5)","background-image":"","background-repeat":"repeat","background-position":"center center","background-size":"auto","background-attachment":"scroll","background-type":"","background-media":"","overlay-type":"","overlay-color":"","overlay-opacity":"","overlay-gradient":""},"tablet":{"background-color":"var(--ast-global-color-5)","background-image":"","background-repeat":"repeat","background-position":"center center","background-size":"auto","background-attachment":"scroll","background-type":"","background-media":"","overlay-type":"","overlay-color":"","overlay-opacity":"","overlay-gradient":""},"mobile":{"background-color":"var(--ast-global-color-5)","background-image":"","background-repeat":"repeat","background-position":"center center","background-size":"auto","background-attachment":"scroll","background-type":"","background-media":"","overlay-type":"","overlay-color":"","overlay-opacity":"","overlay-gradient":""}}},"product_brand":[],"product_cat":[84,146],"product_tag":[],"class_list":{"0":"post-10518","1":"product","2":"type-product","3":"status-publish","4":"has-post-thumbnail","6":"product_cat-ardei","7":"product_cat-ardei-soi","8":"desktop-align-left","9":"tablet-align-left","10":"mobile-align-left","12":"first","13":"outofstock","14":"taxable","15":"shipping-taxable","16":"purchasable","17":"product-type-simple"},"_links":{"self":[{"href":"https:\/\/vivasem.ro\/index.php?rest_route=\/wp\/v2\/product\/10518","targetHints":{"allow":["GET"]}}],"collection":[{"href":"https:\/\/vivasem.ro\/index.php?rest_route=\/wp\/v2\/product"}],"about":[{"href":"https:\/\/vivasem.ro\/index.php?rest_route=\/wp\/v2\/types\/product"}],"replies":[{"embeddable":true,"href":"https:\/\/vivasem.ro\/index.php?rest_route=%2Fwp%2Fv2%2Fcomments&post=10518"}],"wp:featuredmedia":[{"embeddable":true,"href":"https:\/\/vivasem.ro\/index.php?rest_route=\/wp\/v2\/media\/10519"}],"wp:attachment":[{"href":"https:\/\/vivasem.ro\/index.php?rest_route=%2Fwp%2Fv2%2Fmedia&parent=10518"}],"wp:term":[{"taxonomy":"product_brand","embeddable":true,"href":"https:\/\/vivasem.ro\/index.php?rest_route=%2Fwp%2Fv2%2Fproduct_brand&post=10518"},{"taxonomy":"product_cat","embeddable":true,"href":"https:\/\/vivasem.ro\/index.php?rest_route=%2Fwp%2Fv2%2Fproduct_cat&post=10518"},{"taxonomy":"product_tag","embeddable":true,"href":"https:\/\/vivasem.ro\/index.php?rest_route=%2Fwp%2Fv2%2Fproduct_tag&post=10518"}],"curies":[{"name":"wp","href":"https:\/\/api.w.org\/{rel}","templated":true}]}}