{"id":10440,"date":"2023-08-20T17:22:05","date_gmt":"2023-08-20T15:22:05","guid":{"rendered":"https:\/\/vivasem.ro\/?post_type=product&#038;p=10440"},"modified":"2026-02-08T09:27:48","modified_gmt":"2026-02-08T07:27:48","slug":"borsalino-posete-italiene","status":"publish","type":"product","link":"https:\/\/vivasem.ro\/?product=borsalino-posete-italiene","title":{"rendered":"_BORSALINO\/POSETE ITALIENE 30s"},"content":{"rendered":"<h6 class=\"page-title\"><span class=\"base\" style=\"color: #ff0000;\" data-ui-id=\"page-title-wrapper\">BORSALINO\/PO\u0218ETE\/ PO\u0218ETE ITALIENE<\/span><\/h6>\n<h6><strong><span style=\"color: #0000ff;\">SOI CLASIC ,TIP DE INIM\u0102 DE BOU ITALIAN\u0102 , \u00ceN FORM\u0102 DE PAR\u0102 COSTAT\u0102, DUP\u0102 NOI, CEA MAI BUN\u0102\u00a0 VARIETATE DIN ACEAST\u0102 GAM\u0102, FIIND MAI TIMPURIU \u0218I MAI PRODUCTIV DEC\u00c2T INIMA DE ALBENGA <\/span><\/strong><span class=\"base\" style=\"color: #0000ff;\" data-ui-id=\"page-title-wrapper\">.<\/span><\/h6>\n<h6><span style=\"color: #000000;\">FRUCTELE SUNT <strong>C\u0102RNOASE , CU PULPA FERM\u0102, <\/strong>CU SEMIN\u021aE PU\u021aINE .<\/span><\/h6>\n<h6><span style=\"color: #ff0000;\"><strong>SUNT\u00a0 MARI, \u00ceN MEDIE DE 100-200 gr.,DAR <\/strong>POT AJUNGE LA 500 grame\u00a0 !<\/span><\/h6>\n<h6><span style=\"color: #000000;\">CULOAREA FOARTE FRUMOAS\u0102,\u00a0 RO\u0218U-APRINS.<\/span><\/h6>\n<h6><strong><span style=\"color: #0000ff;\">GUST EXCELENT , FOARTE DULCE , AROM\u0102 PUTERNIC\u0102.MULT UTILIZAT\u00a0 \u00ceN BUC\u0102T\u0102RIE, \u00ceN FORM\u0102 PROASP\u0102T\u0102, DATORIT\u0102 CALIT\u0102\u021aILOR ORGANOLEPTICE DEOSEBITE.<\/span><\/strong><\/h6>\n<h6><span style=\"color: #ff0000;\">RODE\u0218TE FOARTE MULT, FIIND CARACTERIZAT CU PRODUC\u021aIE MARE.<\/span><\/h6>\n<h6>POATE FI CULTIVAT \u00ceN GR\u0102DIN\u0102 \u0218I \u00ceN SOLARII SAU SERE.<\/h6>\n<h6>NEDETERMINAT .<span class=\"Y2IQFc\" lang=\"ro\">\u00a0<\/span><\/h6>\n","protected":false},"excerpt":{"rendered":"<h6><span style=\"color: #0000ff;\">30 SEMIN\u021aE<\/span><\/h6>\n<h6><span style=\"color: #ff00ff;\">SOI TIMPURIU, FOARTE PRODUCTIV !<\/span><\/h6>\n","protected":false},"featured_media":8082,"comment_status":"open","ping_status":"closed","template":"","meta":{"site-sidebar-layout":"default","site-content-layout":"default","ast-site-content-layout":"default","site-content-style":"default","site-sidebar-style":"default","ast-global-header-display":"","ast-banner-title-visibility":"","ast-main-header-display":"","ast-hfb-above-header-display":"","ast-hfb-below-header-display":"","ast-hfb-mobile-header-display":"","site-post-title":"","ast-breadcrumbs-content":"","ast-featured-img":"","footer-sml-layout":"","ast-disable-related-posts":"","theme-transparent-header-meta":"default","adv-header-id-meta":"","stick-header-meta":"","header-above-stick-meta":"","header-main-stick-meta":"","header-below-stick-meta":"","astra-migrate-meta-layouts":"set","ast-page-background-enabled":"default","ast-page-background-meta":{"desktop":{"background-color":"var(--ast-global-color-4)","background-image":"","background-repeat":"repeat","background-position":"center center","background-size":"auto","background-attachment":"scroll","background-type":"","background-media":"","overlay-type":"","overlay-color":"","overlay-opacity":"","overlay-gradient":""},"tablet":{"background-color":"","background-image":"","background-repeat":"repeat","background-position":"center center","background-size":"auto","background-attachment":"scroll","background-type":"","background-media":"","overlay-type":"","overlay-color":"","overlay-opacity":"","overlay-gradient":""},"mobile":{"background-color":"","background-image":"","background-repeat":"repeat","background-position":"center center","background-size":"auto","background-attachment":"scroll","background-type":"","background-media":"","overlay-type":"","overlay-color":"","overlay-opacity":"","overlay-gradient":""}},"ast-content-background-meta":{"desktop":{"background-color":"var(--ast-global-color-5)","background-image":"","background-repeat":"repeat","background-position":"center center","background-size":"auto","background-attachment":"scroll","background-type":"","background-media":"","overlay-type":"","overlay-color":"","overlay-opacity":"","overlay-gradient":""},"tablet":{"background-color":"var(--ast-global-color-5)","background-image":"","background-repeat":"repeat","background-position":"center center","background-size":"auto","background-attachment":"scroll","background-type":"","background-media":"","overlay-type":"","overlay-color":"","overlay-opacity":"","overlay-gradient":""},"mobile":{"background-color":"var(--ast-global-color-5)","background-image":"","background-repeat":"repeat","background-position":"center center","background-size":"auto","background-attachment":"scroll","background-type":"","background-media":"","overlay-type":"","overlay-color":"","overlay-opacity":"","overlay-gradient":""}}},"product_brand":[],"product_cat":[151,141,142,144,15],"product_tag":[],"class_list":{"0":"post-10440","1":"product","2":"type-product","3":"status-publish","4":"has-post-thumbnail","6":"product_cat-soiuri-italiene","7":"product_cat-soi-gigant-urias","8":"product_cat-soiuri-rosii-roz","9":"product_cat-soiuri-tip-inima-de-bou","10":"product_cat-tomate-soi","11":"desktop-align-left","12":"tablet-align-left","13":"mobile-align-left","15":"first","16":"instock","17":"taxable","18":"shipping-taxable","19":"purchasable","20":"product-type-simple"},"_links":{"self":[{"href":"https:\/\/vivasem.ro\/index.php?rest_route=\/wp\/v2\/product\/10440","targetHints":{"allow":["GET"]}}],"collection":[{"href":"https:\/\/vivasem.ro\/index.php?rest_route=\/wp\/v2\/product"}],"about":[{"href":"https:\/\/vivasem.ro\/index.php?rest_route=\/wp\/v2\/types\/product"}],"replies":[{"embeddable":true,"href":"https:\/\/vivasem.ro\/index.php?rest_route=%2Fwp%2Fv2%2Fcomments&post=10440"}],"wp:featuredmedia":[{"embeddable":true,"href":"https:\/\/vivasem.ro\/index.php?rest_route=\/wp\/v2\/media\/8082"}],"wp:attachment":[{"href":"https:\/\/vivasem.ro\/index.php?rest_route=%2Fwp%2Fv2%2Fmedia&parent=10440"}],"wp:term":[{"taxonomy":"product_brand","embeddable":true,"href":"https:\/\/vivasem.ro\/index.php?rest_route=%2Fwp%2Fv2%2Fproduct_brand&post=10440"},{"taxonomy":"product_cat","embeddable":true,"href":"https:\/\/vivasem.ro\/index.php?rest_route=%2Fwp%2Fv2%2Fproduct_cat&post=10440"},{"taxonomy":"product_tag","embeddable":true,"href":"https:\/\/vivasem.ro\/index.php?rest_route=%2Fwp%2Fv2%2Fproduct_tag&post=10440"}],"curies":[{"name":"wp","href":"https:\/\/api.w.org\/{rel}","templated":true}]}}