{"id":10417,"date":"2023-08-19T07:37:59","date_gmt":"2023-08-19T05:37:59","guid":{"rendered":"https:\/\/vivasem.ro\/?post_type=product&#038;p=10417"},"modified":"2024-06-27T07:26:43","modified_gmt":"2024-06-27T05:26:43","slug":"ceapa-pentru-arpagic-stuttgart-giant-seminte-agrosem","status":"publish","type":"product","link":"https:\/\/vivasem.ro\/?product=ceapa-pentru-arpagic-stuttgart-giant-seminte-agrosem","title":{"rendered":"\u201e\u201eCEAP\u0102 PENTRU ARPAGIC STUTTGART GIANT (SEMINTE) Agrosem"},"content":{"rendered":"<h6><span style=\"color: #ff0000;\"><strong><u>CEAP\u0102\u00a0 ALB\u0102 STUTTGART GIANT (SEMIN\u021aE)-Agrosem Tg. Mure\u0219,<\/u><\/strong><\/span><\/h6>\n<h6><span style=\"color: #000080;\">Soi de ceap\u0103 ce s<strong>e cultiv\u0103 prin sem\u0103nat direct \u00een c\u00e2mp , destinat ob\u021binerii de ceap\u0103 verde, arpagicului din s\u0103m\u00e2n\u021b\u0103 sau a bulbilor de ceap\u0103 pentru consum.<\/strong><\/span><\/h6>\n<h6><span style=\"color: #000080;\"><strong>B<\/strong>ulbi ob\u021binu\u021bi, sunt de forma sferic-turtita, s<strong><span style=\"color: #000080;\">unt fermi, \u0219i au foile interioare albe, iar cele exterioare uscate,<\/span> maronii-aurii.<\/strong><\/span><\/h6>\n<h6><span style=\"color: #000080;\"><strong style=\"color: #000080;\">Greutatea medie este in jur de 100 grame .<\/strong><\/span><\/h6>\n<h6><span style=\"color: #000080;\"><strong>Gustul este, dulceag, potrivit de iute, recomandat pentru g\u0103tit \u0219i consum proasp\u0103t.<\/strong><\/span><\/h6>\n<h6><span style=\"color: #ff0000;\">Poten\u021bial ridicat de productie, productivitatea plantei este foarte bun\u0103, mai ales dac\u0103 este irigat\u0103 \u0219i fertilizat\u0103 corespunz\u0103tor.<\/span><\/h6>\n<h6>Se p\u0103streaz\u0103 foarte bine pe termen lung.<\/h6>\n<h6><strong>Soi semitimpuriu ,perioada de vegetatie 130-135 de zile.<\/strong><\/h6>\n<h6>Se seam\u0103n\u0103 direct,\u00een aer liber,la adancime de 2-3 cm. , in lunile februarie-aprilie,<\/h6>\n<h6>sau se poate face r\u0103sad ,ce se transplanteaz\u0103 ulterior.<\/h6>\n<h6>Distan\u021ba recomandat\u0103 \u00eentre plante: 20 cm.<\/h6>\n<h6>Distan\u021ba \u00eentre r\u00e2nduri:20-40cm<\/h6>\n<h6>Recoltare: august-octombrie.<\/h6>\n<p>Sunt 250-300 seminte\/gram.<\/p>\n","protected":false},"excerpt":{"rendered":"<h6><span style=\"color: #0000ff;\">2 grame\/5<\/span><span style=\"color: #0000ff;\">00-600 SEMIN\u021aE <\/span><\/h6>\n<h6><span style=\"color: #ff0000;\">Semin\u021be pentru ob\u021binerea de arpagic, ceap\u0103 verde \u0219i bulbi.<\/span><\/h6>\n<h6><\/h6>\n","protected":false},"featured_media":10421,"comment_status":"open","ping_status":"closed","template":"","meta":{"site-sidebar-layout":"default","site-content-layout":"default","ast-site-content-layout":"default","site-content-style":"default","site-sidebar-style":"default","ast-global-header-display":"","ast-banner-title-visibility":"","ast-main-header-display":"","ast-hfb-above-header-display":"","ast-hfb-below-header-display":"","ast-hfb-mobile-header-display":"","site-post-title":"","ast-breadcrumbs-content":"","ast-featured-img":"","footer-sml-layout":"","ast-disable-related-posts":"","theme-transparent-header-meta":"default","adv-header-id-meta":"","stick-header-meta":"","header-above-stick-meta":"","header-main-stick-meta":"","header-below-stick-meta":"","astra-migrate-meta-layouts":"set","ast-page-background-enabled":"default","ast-page-background-meta":{"desktop":{"background-color":"var(--ast-global-color-4)","background-image":"","background-repeat":"repeat","background-position":"center center","background-size":"auto","background-attachment":"scroll","background-type":"","background-media":"","overlay-type":"","overlay-color":"","overlay-opacity":"","overlay-gradient":""},"tablet":{"background-color":"","background-image":"","background-repeat":"repeat","background-position":"center center","background-size":"auto","background-attachment":"scroll","background-type":"","background-media":"","overlay-type":"","overlay-color":"","overlay-opacity":"","overlay-gradient":""},"mobile":{"background-color":"","background-image":"","background-repeat":"repeat","background-position":"center center","background-size":"auto","background-attachment":"scroll","background-type":"","background-media":"","overlay-type":"","overlay-color":"","overlay-opacity":"","overlay-gradient":""}},"ast-content-background-meta":{"desktop":{"background-color":"var(--ast-global-color-5)","background-image":"","background-repeat":"repeat","background-position":"center center","background-size":"auto","background-attachment":"scroll","background-type":"","background-media":"","overlay-type":"","overlay-color":"","overlay-opacity":"","overlay-gradient":""},"tablet":{"background-color":"var(--ast-global-color-5)","background-image":"","background-repeat":"repeat","background-position":"center center","background-size":"auto","background-attachment":"scroll","background-type":"","background-media":"","overlay-type":"","overlay-color":"","overlay-opacity":"","overlay-gradient":""},"mobile":{"background-color":"var(--ast-global-color-5)","background-image":"","background-repeat":"repeat","background-position":"center center","background-size":"auto","background-attachment":"scroll","background-type":"","background-media":"","overlay-type":"","overlay-color":"","overlay-opacity":"","overlay-gradient":""}}},"product_brand":[],"product_cat":[91],"product_tag":[],"class_list":{"0":"post-10417","1":"product","2":"type-product","3":"status-publish","4":"has-post-thumbnail","6":"product_cat-alte-legume","7":"desktop-align-left","8":"tablet-align-left","9":"mobile-align-left","11":"first","12":"outofstock","13":"taxable","14":"shipping-taxable","15":"purchasable","16":"product-type-simple"},"_links":{"self":[{"href":"https:\/\/vivasem.ro\/index.php?rest_route=\/wp\/v2\/product\/10417","targetHints":{"allow":["GET"]}}],"collection":[{"href":"https:\/\/vivasem.ro\/index.php?rest_route=\/wp\/v2\/product"}],"about":[{"href":"https:\/\/vivasem.ro\/index.php?rest_route=\/wp\/v2\/types\/product"}],"replies":[{"embeddable":true,"href":"https:\/\/vivasem.ro\/index.php?rest_route=%2Fwp%2Fv2%2Fcomments&post=10417"}],"wp:featuredmedia":[{"embeddable":true,"href":"https:\/\/vivasem.ro\/index.php?rest_route=\/wp\/v2\/media\/10421"}],"wp:attachment":[{"href":"https:\/\/vivasem.ro\/index.php?rest_route=%2Fwp%2Fv2%2Fmedia&parent=10417"}],"wp:term":[{"taxonomy":"product_brand","embeddable":true,"href":"https:\/\/vivasem.ro\/index.php?rest_route=%2Fwp%2Fv2%2Fproduct_brand&post=10417"},{"taxonomy":"product_cat","embeddable":true,"href":"https:\/\/vivasem.ro\/index.php?rest_route=%2Fwp%2Fv2%2Fproduct_cat&post=10417"},{"taxonomy":"product_tag","embeddable":true,"href":"https:\/\/vivasem.ro\/index.php?rest_route=%2Fwp%2Fv2%2Fproduct_tag&post=10417"}],"curies":[{"name":"wp","href":"https:\/\/api.w.org\/{rel}","templated":true}]}}