{"id":10411,"date":"2023-08-19T07:04:49","date_gmt":"2023-08-19T05:04:49","guid":{"rendered":"https:\/\/vivasem.ro\/?post_type=product&#038;p=10411"},"modified":"2024-04-17T08:53:39","modified_gmt":"2024-04-17T06:53:39","slug":"ceapa-lunga-tosca-seminte-agrosem","status":"publish","type":"product","link":"https:\/\/vivasem.ro\/?product=ceapa-lunga-tosca-seminte-agrosem","title":{"rendered":"\u201e\u201eCEAP\u0102\u00a0 LUNG\u0102 TOSCA (SEMINTE) Agrosem"},"content":{"rendered":"<h6><span style=\"color: #ff0000;\"><strong><u>CEAP\u0102\u00a0 ALB\u0102, LUNG\u0102 TOSCA (SEMIN\u021aE)-Agrosem Tg. Mure\u0219,<\/u><\/strong><\/span><\/h6>\n<h6><span style=\"color: #000080;\">Este un soi de ceap\u0103 italian , ce s<strong>e cultiv\u0103 prin sem\u0103nat direct \u00een c\u00e2mp.\u00a0<\/strong><\/span><\/h6>\n<h6><span style=\"color: #000080;\"><strong>Are bulbi mari, lungi,ce pot ajunge la 14-17 cm, iar \u00een diametru, de 5 cm. Greutatea medie este in jur de 120- 150 grame . <\/strong><\/span><span style=\"color: #000080;\"><strong>Sunt fermi, \u0219i au foile interioare albe, iar cele exterioare uscate, maro-aurii.<\/strong><\/span><\/h6>\n<h6><span style=\"color: #000080;\"><strong>Gustul este bun, dulceag, potrivit de iute, recomandat pentru g\u0103tit \u0219i consum proasp\u0103t.<\/strong><\/span><\/h6>\n<h6><span style=\"color: #ff0000;\">Poten\u021bial ridicat de productie, productivitatea plantei este foarte bun\u0103, mai ales dac\u0103 este irigat\u0103 \u0219i fertilizat\u0103 corespunz\u0103tor.<\/span><\/h6>\n<h6>Ceapa TOSCA are o p\u0103strabilitate foarte bun\u0103 pe termen lung.<\/h6>\n<h6><strong>Soi semitimpuriu ,perioada de vegetatie 130-135 de zile.<\/strong><\/h6>\n<h6>Se seam\u0103n\u0103 direct,\u00een aer liber,la adancime de 2-3 cm. , in lunile februarie-aprilie,<\/h6>\n<h6>sau se poate face r\u0103sad ,ce se transplanteaz\u0103 ulterior.<\/h6>\n<h6>Distan\u021ba \u00eentre plante: 5 cm.<\/h6>\n<h6>Distan\u021ba \u00eentre r\u00e2nduri:20-25 cm<\/h6>\n<h6>Recoltare: iunie-octombrie.<\/h6>\n<p>Sunt 250-300 seminte\/gram.<\/p>\n","protected":false},"excerpt":{"rendered":"<h6><span style=\"color: #0000ff;\">0,7 grame\/2<\/span><span style=\"color: #0000ff;\">00 SEMIN\u021aE<\/span><\/h6>\n<h6><\/h6>\n","protected":false},"featured_media":10415,"comment_status":"open","ping_status":"closed","template":"","meta":{"site-sidebar-layout":"default","site-content-layout":"default","ast-site-content-layout":"default","site-content-style":"default","site-sidebar-style":"default","ast-global-header-display":"","ast-banner-title-visibility":"","ast-main-header-display":"","ast-hfb-above-header-display":"","ast-hfb-below-header-display":"","ast-hfb-mobile-header-display":"","site-post-title":"","ast-breadcrumbs-content":"","ast-featured-img":"","footer-sml-layout":"","ast-disable-related-posts":"","theme-transparent-header-meta":"default","adv-header-id-meta":"","stick-header-meta":"","header-above-stick-meta":"","header-main-stick-meta":"","header-below-stick-meta":"","astra-migrate-meta-layouts":"set","ast-page-background-enabled":"default","ast-page-background-meta":{"desktop":{"background-color":"var(--ast-global-color-4)","background-image":"","background-repeat":"repeat","background-position":"center center","background-size":"auto","background-attachment":"scroll","background-type":"","background-media":"","overlay-type":"","overlay-color":"","overlay-opacity":"","overlay-gradient":""},"tablet":{"background-color":"","background-image":"","background-repeat":"repeat","background-position":"center center","background-size":"auto","background-attachment":"scroll","background-type":"","background-media":"","overlay-type":"","overlay-color":"","overlay-opacity":"","overlay-gradient":""},"mobile":{"background-color":"","background-image":"","background-repeat":"repeat","background-position":"center center","background-size":"auto","background-attachment":"scroll","background-type":"","background-media":"","overlay-type":"","overlay-color":"","overlay-opacity":"","overlay-gradient":""}},"ast-content-background-meta":{"desktop":{"background-color":"var(--ast-global-color-5)","background-image":"","background-repeat":"repeat","background-position":"center center","background-size":"auto","background-attachment":"scroll","background-type":"","background-media":"","overlay-type":"","overlay-color":"","overlay-opacity":"","overlay-gradient":""},"tablet":{"background-color":"var(--ast-global-color-5)","background-image":"","background-repeat":"repeat","background-position":"center center","background-size":"auto","background-attachment":"scroll","background-type":"","background-media":"","overlay-type":"","overlay-color":"","overlay-opacity":"","overlay-gradient":""},"mobile":{"background-color":"var(--ast-global-color-5)","background-image":"","background-repeat":"repeat","background-position":"center center","background-size":"auto","background-attachment":"scroll","background-type":"","background-media":"","overlay-type":"","overlay-color":"","overlay-opacity":"","overlay-gradient":""}}},"product_brand":[],"product_cat":[91],"product_tag":[],"class_list":{"0":"post-10411","1":"product","2":"type-product","3":"status-publish","4":"has-post-thumbnail","6":"product_cat-alte-legume","7":"desktop-align-left","8":"tablet-align-left","9":"mobile-align-left","11":"first","12":"outofstock","13":"taxable","14":"shipping-taxable","15":"purchasable","16":"product-type-simple"},"_links":{"self":[{"href":"https:\/\/vivasem.ro\/index.php?rest_route=\/wp\/v2\/product\/10411","targetHints":{"allow":["GET"]}}],"collection":[{"href":"https:\/\/vivasem.ro\/index.php?rest_route=\/wp\/v2\/product"}],"about":[{"href":"https:\/\/vivasem.ro\/index.php?rest_route=\/wp\/v2\/types\/product"}],"replies":[{"embeddable":true,"href":"https:\/\/vivasem.ro\/index.php?rest_route=%2Fwp%2Fv2%2Fcomments&post=10411"}],"wp:featuredmedia":[{"embeddable":true,"href":"https:\/\/vivasem.ro\/index.php?rest_route=\/wp\/v2\/media\/10415"}],"wp:attachment":[{"href":"https:\/\/vivasem.ro\/index.php?rest_route=%2Fwp%2Fv2%2Fmedia&parent=10411"}],"wp:term":[{"taxonomy":"product_brand","embeddable":true,"href":"https:\/\/vivasem.ro\/index.php?rest_route=%2Fwp%2Fv2%2Fproduct_brand&post=10411"},{"taxonomy":"product_cat","embeddable":true,"href":"https:\/\/vivasem.ro\/index.php?rest_route=%2Fwp%2Fv2%2Fproduct_cat&post=10411"},{"taxonomy":"product_tag","embeddable":true,"href":"https:\/\/vivasem.ro\/index.php?rest_route=%2Fwp%2Fv2%2Fproduct_tag&post=10411"}],"curies":[{"name":"wp","href":"https:\/\/api.w.org\/{rel}","templated":true}]}}