{"id":10284,"date":"2023-07-20T08:48:03","date_gmt":"2023-07-20T06:48:03","guid":{"rendered":"https:\/\/vivasem.ro\/?post_type=product&#038;p=10284"},"modified":"2026-01-17T12:01:18","modified_gmt":"2026-01-17T10:01:18","slug":"fantazia-opal-02g","status":"publish","type":"product","link":"https:\/\/vivasem.ro\/?product=fantazia-opal-02g","title":{"rendered":"FANTEZIE\/FANTAZIA-OPAL ZI BULGARIA (0,2G)"},"content":{"rendered":"<h6><span style=\"color: #ff0000;\">FANTAZIA\/FANTEZIE,<\/span><\/h6>\n<h6><span style=\"color: #ff0000;\">Produc\u0103tor: OPAL ZI Bulgaria,<\/span><\/h6>\n<h6><span style=\"color: #0000ff;\"><strong>ESTE CEL MAI GUSTOS SOI BULG\u0102RESC MARE , PE CARE L-AM PROBAT , CU TOMATE C\u0102RNOASE, MARI SI FOARTE MARI<\/strong>, \u00ceN\u00a0 GREUTATE MEDIE DE 200 grame, DAR CARE AJUNG FRECVENT \u0218I PESTE 500-600 grame.<\/span><\/h6>\n<h6>FRUCTELE SUNT FRUMOASE, DE CULOARE RO\u0218IE-\u0102PRINS\u0102, C\u0102RNOASE CU PUTINE SEMINTE, PULP\u0102 FERM\u0102, CE SE POATE FELIA \u0218I T\u0102IA, F\u0102R\u0102 S\u0102 SE F\u0102R\u00c2ME.<\/h6>\n<h6><span style=\"color: #ff0000;\">FRUCTELE SUNT EXCELENTE\u00a0 DE CONSUMAT \u00ceN STARE PROASP\u0102TA, DATORIT\u0102 CALIT\u0102\u021aILOR GUSTATIVE DEOSEBITE, GUSTULUI DELICIOS, PERFECT ECHILIBRAT, DULCE-SLAB ACID, INTENS AROMAT .<\/span><\/h6>\n<h6><span style=\"color: #0000ff;\">SOI FOARTE PRODUCTIV<\/span>,\u00a0 NEDETERMINAT , SEMITIMPURIU, CU RANDAMENT BUN \u0218I \u00ceN GR\u0102DIN\u0102 , \u0218I \u00ceN SOLAR.<\/h6>\n","protected":false},"excerpt":{"rendered":"<h6><span style=\"color: #0000ff;\">0,2 grame\/60 SEMIN\u021aE<\/span><\/h6>\n<h6><span style=\"color: #ff00ff;\">GUST EXCEP\u021aIONAL!<\/span><\/h6>\n<h6><span style=\"color: #ff00ff;\">\u00a0PRODUCTIVITATE \u00ceNALT\u0102!<\/span><\/h6>\n<p>&nbsp;<\/p>\n","protected":false},"featured_media":10286,"comment_status":"open","ping_status":"closed","template":"","meta":{"site-sidebar-layout":"default","site-content-layout":"default","ast-site-content-layout":"default","site-content-style":"default","site-sidebar-style":"default","ast-global-header-display":"","ast-banner-title-visibility":"","ast-main-header-display":"","ast-hfb-above-header-display":"","ast-hfb-below-header-display":"","ast-hfb-mobile-header-display":"","site-post-title":"","ast-breadcrumbs-content":"","ast-featured-img":"","footer-sml-layout":"","ast-disable-related-posts":"","theme-transparent-header-meta":"default","adv-header-id-meta":"","stick-header-meta":"","header-above-stick-meta":"","header-main-stick-meta":"","header-below-stick-meta":"","astra-migrate-meta-layouts":"set","ast-page-background-enabled":"default","ast-page-background-meta":{"desktop":{"background-color":"var(--ast-global-color-4)","background-image":"","background-repeat":"repeat","background-position":"center center","background-size":"auto","background-attachment":"scroll","background-type":"","background-media":"","overlay-type":"","overlay-color":"","overlay-opacity":"","overlay-gradient":""},"tablet":{"background-color":"","background-image":"","background-repeat":"repeat","background-position":"center center","background-size":"auto","background-attachment":"scroll","background-type":"","background-media":"","overlay-type":"","overlay-color":"","overlay-opacity":"","overlay-gradient":""},"mobile":{"background-color":"","background-image":"","background-repeat":"repeat","background-position":"center center","background-size":"auto","background-attachment":"scroll","background-type":"","background-media":"","overlay-type":"","overlay-color":"","overlay-opacity":"","overlay-gradient":""}},"ast-content-background-meta":{"desktop":{"background-color":"var(--ast-global-color-5)","background-image":"","background-repeat":"repeat","background-position":"center center","background-size":"auto","background-attachment":"scroll","background-type":"","background-media":"","overlay-type":"","overlay-color":"","overlay-opacity":"","overlay-gradient":""},"tablet":{"background-color":"var(--ast-global-color-5)","background-image":"","background-repeat":"repeat","background-position":"center center","background-size":"auto","background-attachment":"scroll","background-type":"","background-media":"","overlay-type":"","overlay-color":"","overlay-opacity":"","overlay-gradient":""},"mobile":{"background-color":"var(--ast-global-color-5)","background-image":"","background-repeat":"repeat","background-position":"center center","background-size":"auto","background-attachment":"scroll","background-type":"","background-media":"","overlay-type":"","overlay-color":"","overlay-opacity":"","overlay-gradient":""}}},"product_brand":[],"product_cat":[141,142,187,15],"product_tag":[],"class_list":{"0":"post-10284","1":"product","2":"type-product","3":"status-publish","4":"has-post-thumbnail","6":"product_cat-soi-gigant-urias","7":"product_cat-soiuri-rosii-roz","8":"product_cat-soiuri-florian-opal-bulgaria","9":"product_cat-tomate-soi","10":"desktop-align-left","11":"tablet-align-left","12":"mobile-align-left","14":"first","15":"instock","16":"taxable","17":"shipping-taxable","18":"purchasable","19":"product-type-simple"},"_links":{"self":[{"href":"https:\/\/vivasem.ro\/index.php?rest_route=\/wp\/v2\/product\/10284","targetHints":{"allow":["GET"]}}],"collection":[{"href":"https:\/\/vivasem.ro\/index.php?rest_route=\/wp\/v2\/product"}],"about":[{"href":"https:\/\/vivasem.ro\/index.php?rest_route=\/wp\/v2\/types\/product"}],"replies":[{"embeddable":true,"href":"https:\/\/vivasem.ro\/index.php?rest_route=%2Fwp%2Fv2%2Fcomments&post=10284"}],"wp:featuredmedia":[{"embeddable":true,"href":"https:\/\/vivasem.ro\/index.php?rest_route=\/wp\/v2\/media\/10286"}],"wp:attachment":[{"href":"https:\/\/vivasem.ro\/index.php?rest_route=%2Fwp%2Fv2%2Fmedia&parent=10284"}],"wp:term":[{"taxonomy":"product_brand","embeddable":true,"href":"https:\/\/vivasem.ro\/index.php?rest_route=%2Fwp%2Fv2%2Fproduct_brand&post=10284"},{"taxonomy":"product_cat","embeddable":true,"href":"https:\/\/vivasem.ro\/index.php?rest_route=%2Fwp%2Fv2%2Fproduct_cat&post=10284"},{"taxonomy":"product_tag","embeddable":true,"href":"https:\/\/vivasem.ro\/index.php?rest_route=%2Fwp%2Fv2%2Fproduct_tag&post=10284"}],"curies":[{"name":"wp","href":"https:\/\/api.w.org\/{rel}","templated":true}]}}