{"id":10281,"date":"2023-07-20T08:36:31","date_gmt":"2023-07-20T06:36:31","guid":{"rendered":"https:\/\/vivasem.ro\/?post_type=product&#038;p=10281"},"modified":"2025-11-11T08:18:52","modified_gmt":"2025-11-11T06:18:52","slug":"dimensionless-fara-masura-oferta-21-gratis","status":"publish","type":"product","link":"https:\/\/vivasem.ro\/?product=dimensionless-fara-masura-oferta-21-gratis","title":{"rendered":"DIMENSIONLESS (F\u0102R\u0102 M\u0102SUR\u0102) (OFERTA 90 seminte)"},"content":{"rendered":"<h6><span style=\"color: #ff0000;\">DIMENSIONLESS \/Tomato\u00a0 Bezrazmernyy\/F\u0102R\u0102 M\u0102SUR\u0102,<\/span><\/h6>\n<h6><span style=\"color: #0000ff;\">UN SOI SIBERIAN, HEIRLOOM, SEMIDETERMINAT TIP GIGANT, ALE C\u0102RUI FRUCTE, CARE, DE\u0218I POT AJUNGE LA 1 kilogram, MEDIA FIIND DE 250-500 grame, NU CRAP\u0102.<\/span><\/h6>\n<h6>ACESTEA FAPT SE DATOREAZ\u0102\u00a0 PULPEI DENSE, TIP BEEFSTEAK, FOARTE DULCE, CU GUST EXCELENT, INTENS AROMAT\u0102, CU SEMIN\u021aE PU\u021aINE, SUCULENTE.<\/h6>\n<h6><span style=\"color: #0000ff;\">PLANTELE FOARTE PRODUCTIVE,<\/span> SUNT VIGUROASE, FOARTE REZISTENTE LA TEMPERATURI SC\u0102ZUTE \u0218I VARIA\u021aII TERMICE, FOARTE POTRIVITE PENTRU CULTURA \u00ceN GR\u0102DIN\u0102 DAR \u0218I \u00ceN SOLAR.<\/h6>\n<h6>FIIND SEMIDETERMINATE ,SE OPRESC DIN CRE\u0218TERE DUP\u0102 \u00ceNC\u0102RCAREA CU FRUCTE, CAM DUP\u0102 5 ETAJE, <span style=\"color: #0000ff;\">\u0218I DE ACEEA POT FI CULTIVATE \u00ceN 2 CICLURI DE PRODUC\u021aIE.<\/span><\/h6>\n","protected":false},"excerpt":{"rendered":"<h6><span style=\"color: #0000ff;\">90 SEMIN\u021aE\u00a0<\/span><\/h6>\n<h6><span style=\"color: #ff00ff;\">SOI GIGANT DEOSEBIT DE PRODUCTIV !<\/span><\/h6>\n<h6><span style=\"color: #ff00ff;\">GUST EXCELENT ! SE POATE CULTIVA\u00a0 \u00ceN 2 CICLURI DE PRODUC\u021aIE!<\/span><\/h6>\n<h6><\/h6>\n","protected":false},"featured_media":3546,"comment_status":"open","ping_status":"closed","template":"","meta":{"site-sidebar-layout":"default","site-content-layout":"default","ast-site-content-layout":"default","site-content-style":"default","site-sidebar-style":"default","ast-global-header-display":"","ast-banner-title-visibility":"","ast-main-header-display":"","ast-hfb-above-header-display":"","ast-hfb-below-header-display":"","ast-hfb-mobile-header-display":"","site-post-title":"","ast-breadcrumbs-content":"","ast-featured-img":"","footer-sml-layout":"","ast-disable-related-posts":"","theme-transparent-header-meta":"default","adv-header-id-meta":"","stick-header-meta":"","header-above-stick-meta":"","header-main-stick-meta":"","header-below-stick-meta":"","astra-migrate-meta-layouts":"set","ast-page-background-enabled":"default","ast-page-background-meta":{"desktop":{"background-color":"var(--ast-global-color-4)","background-image":"","background-repeat":"repeat","background-position":"center center","background-size":"auto","background-attachment":"scroll","background-type":"","background-media":"","overlay-type":"","overlay-color":"","overlay-opacity":"","overlay-gradient":""},"tablet":{"background-color":"","background-image":"","background-repeat":"repeat","background-position":"center center","background-size":"auto","background-attachment":"scroll","background-type":"","background-media":"","overlay-type":"","overlay-color":"","overlay-opacity":"","overlay-gradient":""},"mobile":{"background-color":"","background-image":"","background-repeat":"repeat","background-position":"center center","background-size":"auto","background-attachment":"scroll","background-type":"","background-media":"","overlay-type":"","overlay-color":"","overlay-opacity":"","overlay-gradient":""}},"ast-content-background-meta":{"desktop":{"background-color":"var(--ast-global-color-5)","background-image":"","background-repeat":"repeat","background-position":"center center","background-size":"auto","background-attachment":"scroll","background-type":"","background-media":"","overlay-type":"","overlay-color":"","overlay-opacity":"","overlay-gradient":""},"tablet":{"background-color":"var(--ast-global-color-5)","background-image":"","background-repeat":"repeat","background-position":"center center","background-size":"auto","background-attachment":"scroll","background-type":"","background-media":"","overlay-type":"","overlay-color":"","overlay-opacity":"","overlay-gradient":""},"mobile":{"background-color":"var(--ast-global-color-5)","background-image":"","background-repeat":"repeat","background-position":"center center","background-size":"auto","background-attachment":"scroll","background-type":"","background-media":"","overlay-type":"","overlay-color":"","overlay-opacity":"","overlay-gradient":""}}},"product_brand":[],"product_cat":[141,142,15],"product_tag":[],"class_list":{"0":"post-10281","1":"product","2":"type-product","3":"status-publish","4":"has-post-thumbnail","6":"product_cat-soi-gigant-urias","7":"product_cat-soiuri-rosii-roz","8":"product_cat-tomate-soi","9":"desktop-align-left","10":"tablet-align-left","11":"mobile-align-left","13":"first","14":"instock","15":"sale","16":"taxable","17":"shipping-taxable","18":"purchasable","19":"product-type-simple"},"_links":{"self":[{"href":"https:\/\/vivasem.ro\/index.php?rest_route=\/wp\/v2\/product\/10281","targetHints":{"allow":["GET"]}}],"collection":[{"href":"https:\/\/vivasem.ro\/index.php?rest_route=\/wp\/v2\/product"}],"about":[{"href":"https:\/\/vivasem.ro\/index.php?rest_route=\/wp\/v2\/types\/product"}],"replies":[{"embeddable":true,"href":"https:\/\/vivasem.ro\/index.php?rest_route=%2Fwp%2Fv2%2Fcomments&post=10281"}],"wp:featuredmedia":[{"embeddable":true,"href":"https:\/\/vivasem.ro\/index.php?rest_route=\/wp\/v2\/media\/3546"}],"wp:attachment":[{"href":"https:\/\/vivasem.ro\/index.php?rest_route=%2Fwp%2Fv2%2Fmedia&parent=10281"}],"wp:term":[{"taxonomy":"product_brand","embeddable":true,"href":"https:\/\/vivasem.ro\/index.php?rest_route=%2Fwp%2Fv2%2Fproduct_brand&post=10281"},{"taxonomy":"product_cat","embeddable":true,"href":"https:\/\/vivasem.ro\/index.php?rest_route=%2Fwp%2Fv2%2Fproduct_cat&post=10281"},{"taxonomy":"product_tag","embeddable":true,"href":"https:\/\/vivasem.ro\/index.php?rest_route=%2Fwp%2Fv2%2Fproduct_tag&post=10281"}],"curies":[{"name":"wp","href":"https:\/\/api.w.org\/{rel}","templated":true}]}}