{"id":10280,"date":"2023-07-20T08:32:10","date_gmt":"2023-07-20T06:32:10","guid":{"rendered":"https:\/\/vivasem.ro\/?post_type=product&#038;p=10280"},"modified":"2023-07-20T08:34:03","modified_gmt":"2023-07-20T06:34:03","slug":"craigella-oferta-100-sem","status":"publish","type":"product","link":"https:\/\/vivasem.ro\/?product=craigella-oferta-100-sem","title":{"rendered":"CRAIGELLA (OFERTA 100 s.)"},"content":{"rendered":"<h6><span style=\"color: #ff0000;\">CRAIGELLA,<\/span><\/h6>\n<h6><span style=\"color: #ff0000;\">Semin\u021be produse de KINGS SEEDS &#8211; Anglia,<\/span><\/h6>\n<h6><span style=\"color: #0000ff;\">\u00ceNTRE CELE MAI BUNE SOIURI ENGLEZESTI, CU O AROM\u0102 EXCEP\u021aIONAL\u0102 \u0218I GUST DE RO\u0218IE CLASIC\u0102, ESTE OB\u021aINUT DIN CELEBRUL SOI AILSA CRAIG, (FA\u021a\u0102 DE CARE, \u00ceN PLUS NU PREZINT\u0102 CAPAC VERDE).<\/span><\/h6>\n<h6>FORMEAZ\u0102 CIORCHINI MARI, DE FRUCTE ,\u00ceN GREUTATE DE 80-150 grame, UNIFORME, DE CULOARE RO\u0218U-APRINS.<\/h6>\n<h6>SOI PRODUCTIV,TIMPURIU, NEDETERMINAT.<\/h6>\n<h6><\/h6>\n","protected":false},"excerpt":{"rendered":"<h6><span style=\"color: #0000ff;\">100 SEMIN\u021aE<\/span><\/h6>\n<h6><span style=\"color: #ff00ff;\">GUST EXCEP\u021aIONAL ! TIMPURIU !<\/span><\/h6>\n","protected":false},"featured_media":2589,"comment_status":"open","ping_status":"closed","template":"","meta":{"site-sidebar-layout":"default","site-content-layout":"default","ast-site-content-layout":"default","site-content-style":"default","site-sidebar-style":"default","ast-global-header-display":"","ast-banner-title-visibility":"","ast-main-header-display":"","ast-hfb-above-header-display":"","ast-hfb-below-header-display":"","ast-hfb-mobile-header-display":"","site-post-title":"","ast-breadcrumbs-content":"","ast-featured-img":"","footer-sml-layout":"","ast-disable-related-posts":"","theme-transparent-header-meta":"default","adv-header-id-meta":"","stick-header-meta":"","header-above-stick-meta":"","header-main-stick-meta":"","header-below-stick-meta":"","astra-migrate-meta-layouts":"default","ast-page-background-enabled":"default","ast-page-background-meta":{"desktop":{"background-color":"var(--ast-global-color-4)","background-image":"","background-repeat":"repeat","background-position":"center center","background-size":"auto","background-attachment":"scroll","background-type":"","background-media":"","overlay-type":"","overlay-color":"","overlay-opacity":"","overlay-gradient":""},"tablet":{"background-color":"","background-image":"","background-repeat":"repeat","background-position":"center center","background-size":"auto","background-attachment":"scroll","background-type":"","background-media":"","overlay-type":"","overlay-color":"","overlay-opacity":"","overlay-gradient":""},"mobile":{"background-color":"","background-image":"","background-repeat":"repeat","background-position":"center center","background-size":"auto","background-attachment":"scroll","background-type":"","background-media":"","overlay-type":"","overlay-color":"","overlay-opacity":"","overlay-gradient":""}},"ast-content-background-meta":{"desktop":{"background-color":"var(--ast-global-color-5)","background-image":"","background-repeat":"repeat","background-position":"center center","background-size":"auto","background-attachment":"scroll","background-type":"","background-media":"","overlay-type":"","overlay-color":"","overlay-opacity":"","overlay-gradient":""},"tablet":{"background-color":"var(--ast-global-color-5)","background-image":"","background-repeat":"repeat","background-position":"center center","background-size":"auto","background-attachment":"scroll","background-type":"","background-media":"","overlay-type":"","overlay-color":"","overlay-opacity":"","overlay-gradient":""},"mobile":{"background-color":"var(--ast-global-color-5)","background-image":"","background-repeat":"repeat","background-position":"center center","background-size":"auto","background-attachment":"scroll","background-type":"","background-media":"","overlay-type":"","overlay-color":"","overlay-opacity":"","overlay-gradient":""}}},"product_brand":[],"product_cat":[143,142,15],"product_tag":[],"class_list":{"0":"post-10280","1":"product","2":"type-product","3":"status-publish","4":"has-post-thumbnail","6":"product_cat-soiuri-timpurii-cherry","7":"product_cat-soiuri-rosii-roz","8":"product_cat-tomate-soi","9":"desktop-align-left","10":"tablet-align-left","11":"mobile-align-left","13":"first","14":"instock","15":"taxable","16":"shipping-taxable","17":"purchasable","18":"product-type-simple"},"_links":{"self":[{"href":"https:\/\/vivasem.ro\/index.php?rest_route=\/wp\/v2\/product\/10280","targetHints":{"allow":["GET"]}}],"collection":[{"href":"https:\/\/vivasem.ro\/index.php?rest_route=\/wp\/v2\/product"}],"about":[{"href":"https:\/\/vivasem.ro\/index.php?rest_route=\/wp\/v2\/types\/product"}],"replies":[{"embeddable":true,"href":"https:\/\/vivasem.ro\/index.php?rest_route=%2Fwp%2Fv2%2Fcomments&post=10280"}],"wp:featuredmedia":[{"embeddable":true,"href":"https:\/\/vivasem.ro\/index.php?rest_route=\/wp\/v2\/media\/2589"}],"wp:attachment":[{"href":"https:\/\/vivasem.ro\/index.php?rest_route=%2Fwp%2Fv2%2Fmedia&parent=10280"}],"wp:term":[{"taxonomy":"product_brand","embeddable":true,"href":"https:\/\/vivasem.ro\/index.php?rest_route=%2Fwp%2Fv2%2Fproduct_brand&post=10280"},{"taxonomy":"product_cat","embeddable":true,"href":"https:\/\/vivasem.ro\/index.php?rest_route=%2Fwp%2Fv2%2Fproduct_cat&post=10280"},{"taxonomy":"product_tag","embeddable":true,"href":"https:\/\/vivasem.ro\/index.php?rest_route=%2Fwp%2Fv2%2Fproduct_tag&post=10280"}],"curies":[{"name":"wp","href":"https:\/\/api.w.org\/{rel}","templated":true}]}}