{"id":10279,"date":"2023-07-20T08:11:34","date_gmt":"2023-07-20T06:11:34","guid":{"rendered":"https:\/\/vivasem.ro\/?post_type=product&#038;p=10279"},"modified":"2026-01-06T09:30:14","modified_gmt":"2026-01-06T07:30:14","slug":"regale-roz-oferta-100-s","status":"publish","type":"product","link":"https:\/\/vivasem.ro\/?product=regale-roz-oferta-100-s","title":{"rendered":"REGALE ROZE (OFERTA 100 s)"},"content":{"rendered":"<h6><span style=\"color: #ff0000;\">REGALE ROZE \/ ROYAL PINK DE BARAO,<\/span><\/h6>\n<h6><span style=\"color: #0000ff;\"><strong>\u00a0SOI DE \u00ceNALT\u0102 CALITATE, CU CALIT\u0102\u021aI GUSTATIVE EXCELENTE, CARACTERIZAT PRIN MARE ADAPTABILITATE LA VARIA\u021aII TERMICE \u0218I REZISTEN\u021aEI LA BOLI.<\/strong><\/span><\/h6>\n<h6><span style=\"color: #ff0000;\"><strong>ASIGUR\u0102 PRODUC\u021aII RIDICATE \u0218I \u00ceN ZONELE CU TEMPERATURI RIDICATE , \u0218I \u00ceN CELE R\u0102COROASE,\u00a0 PUT\u00c2ND FI CULTIVAT CU REZULTATE FOARTE BUNE \u0218I \u00ceN ZONELE UMBRITE ALE GR\u0102DINII , TOT SEZONUL, P\u00c2N\u0102 LA \u00ceNGHE\u021a.<\/strong><\/span><\/h6>\n<h6><span style=\"color: #0000ff;\">Inflorescen\u021ba este compact\u0103, plantele nedeterminate, rodind numero\u0219i ciorchini de 5-7 fructe ovoidale.<\/span><\/h6>\n<h6><span style=\"color: #0000ff;\">Fructele au \u00eentre 60-100 grame, sunt roz, dense, c\u0103rnoase, deosebit de gustoase,dulci, excelente pentru salate , dar \u0219i pentru conserve .<\/span><br \/>\n<span style=\"color: #ff0000;\">C\u00e2nd d\u0103 frigul, se pot culege verzi, \u0219i, \u021binute la c\u0103ldur\u0103, se coc ,devenind foarte frumoase \u0219i gustoase.<\/span><\/h6>\n<h6><span style=\"color: #0000ff;\"><strong>SOI DE TOP CREEAT DE RENUMITA COMPANIE AGRICOL\u0102 DIN UCRAINA &#8222;Gisok&#8221; ,<\/strong><\/span><\/h6>\n<h6><span style=\"color: #0000ff;\">CARE ,CA TOATE SOIURILE DE BARAO, ARE RANDAMENT \u00ceNALT SI IN ZONELE C\u0102LDUROASE DAR \u0218I LA FRIG, ACESTA FIIND DEZVOLTAT \u0218I ACLIMATIZAT IN UCRAINA , DAR AVAND ORIGINEA \u00ceN\u00a0 BRAZILIA .<\/span><\/h6>\n<p>&nbsp;<\/p>\n","protected":false},"excerpt":{"rendered":"<h6><span style=\"color: #0000ff;\">100 SEMIN\u021aE<\/span><\/h6>\n<h6><span style=\"color: #ff00ff;\">SOI FOARTE REZISTENT TERMIC! <\/span><span style=\"color: #ff00ff;\">PRODUCTIVITATE \u00ceNALT\u0102! <\/span><span style=\"color: #ff00ff;\">GUST DE RO\u0218IE CLASIC\u0102!<\/span><\/h6>\n<p>&nbsp;<\/p>\n","protected":false},"featured_media":3512,"comment_status":"open","ping_status":"closed","template":"","meta":{"site-sidebar-layout":"default","site-content-layout":"default","ast-site-content-layout":"default","site-content-style":"default","site-sidebar-style":"default","ast-global-header-display":"","ast-banner-title-visibility":"","ast-main-header-display":"","ast-hfb-above-header-display":"","ast-hfb-below-header-display":"","ast-hfb-mobile-header-display":"","site-post-title":"","ast-breadcrumbs-content":"","ast-featured-img":"","footer-sml-layout":"","ast-disable-related-posts":"","theme-transparent-header-meta":"default","adv-header-id-meta":"","stick-header-meta":"","header-above-stick-meta":"","header-main-stick-meta":"","header-below-stick-meta":"","astra-migrate-meta-layouts":"set","ast-page-background-enabled":"default","ast-page-background-meta":{"desktop":{"background-color":"var(--ast-global-color-4)","background-image":"","background-repeat":"repeat","background-position":"center center","background-size":"auto","background-attachment":"scroll","background-type":"","background-media":"","overlay-type":"","overlay-color":"","overlay-opacity":"","overlay-gradient":""},"tablet":{"background-color":"","background-image":"","background-repeat":"repeat","background-position":"center center","background-size":"auto","background-attachment":"scroll","background-type":"","background-media":"","overlay-type":"","overlay-color":"","overlay-opacity":"","overlay-gradient":""},"mobile":{"background-color":"","background-image":"","background-repeat":"repeat","background-position":"center center","background-size":"auto","background-attachment":"scroll","background-type":"","background-media":"","overlay-type":"","overlay-color":"","overlay-opacity":"","overlay-gradient":""}},"ast-content-background-meta":{"desktop":{"background-color":"var(--ast-global-color-5)","background-image":"","background-repeat":"repeat","background-position":"center center","background-size":"auto","background-attachment":"scroll","background-type":"","background-media":"","overlay-type":"","overlay-color":"","overlay-opacity":"","overlay-gradient":""},"tablet":{"background-color":"var(--ast-global-color-5)","background-image":"","background-repeat":"repeat","background-position":"center center","background-size":"auto","background-attachment":"scroll","background-type":"","background-media":"","overlay-type":"","overlay-color":"","overlay-opacity":"","overlay-gradient":""},"mobile":{"background-color":"var(--ast-global-color-5)","background-image":"","background-repeat":"repeat","background-position":"center center","background-size":"auto","background-attachment":"scroll","background-type":"","background-media":"","overlay-type":"","overlay-color":"","overlay-opacity":"","overlay-gradient":""}}},"product_brand":[],"product_cat":[143,178,142,15],"product_tag":[],"class_list":{"0":"post-10279","1":"product","2":"type-product","3":"status-publish","4":"has-post-thumbnail","6":"product_cat-soiuri-timpurii-cherry","7":"product_cat-soiuri-lungi","8":"product_cat-soiuri-rosii-roz","9":"product_cat-tomate-soi","10":"desktop-align-left","11":"tablet-align-left","12":"mobile-align-left","14":"first","15":"instock","16":"sale","17":"taxable","18":"shipping-taxable","19":"purchasable","20":"product-type-simple"},"_links":{"self":[{"href":"https:\/\/vivasem.ro\/index.php?rest_route=\/wp\/v2\/product\/10279","targetHints":{"allow":["GET"]}}],"collection":[{"href":"https:\/\/vivasem.ro\/index.php?rest_route=\/wp\/v2\/product"}],"about":[{"href":"https:\/\/vivasem.ro\/index.php?rest_route=\/wp\/v2\/types\/product"}],"replies":[{"embeddable":true,"href":"https:\/\/vivasem.ro\/index.php?rest_route=%2Fwp%2Fv2%2Fcomments&post=10279"}],"wp:featuredmedia":[{"embeddable":true,"href":"https:\/\/vivasem.ro\/index.php?rest_route=\/wp\/v2\/media\/3512"}],"wp:attachment":[{"href":"https:\/\/vivasem.ro\/index.php?rest_route=%2Fwp%2Fv2%2Fmedia&parent=10279"}],"wp:term":[{"taxonomy":"product_brand","embeddable":true,"href":"https:\/\/vivasem.ro\/index.php?rest_route=%2Fwp%2Fv2%2Fproduct_brand&post=10279"},{"taxonomy":"product_cat","embeddable":true,"href":"https:\/\/vivasem.ro\/index.php?rest_route=%2Fwp%2Fv2%2Fproduct_cat&post=10279"},{"taxonomy":"product_tag","embeddable":true,"href":"https:\/\/vivasem.ro\/index.php?rest_route=%2Fwp%2Fv2%2Fproduct_tag&post=10279"}],"curies":[{"name":"wp","href":"https:\/\/api.w.org\/{rel}","templated":true}]}}