{"id":10276,"date":"2023-07-19T18:46:16","date_gmt":"2023-07-19T16:46:16","guid":{"rendered":"https:\/\/vivasem.ro\/?post_type=product&#038;p=10276"},"modified":"2025-10-26T14:42:50","modified_gmt":"2025-10-26T12:42:50","slug":"cherry-swettie-oferta-100-sem","status":"publish","type":"product","link":"https:\/\/vivasem.ro\/?product=cherry-swettie-oferta-100-sem","title":{"rendered":".CHERRY SWETTIE -Oferta 100 (G.60-75%)"},"content":{"rendered":"<h6><span style=\"color: #ff0000;\">CHERRY SWETTIE,<\/span><\/h6>\n<h6><span style=\"color: #ff00ff;\">Lot cu germinatie 60-75 %.<\/span><\/h6>\n<h6>\u00a0<span style=\"color: #0000ff;\">SOI CONSIDERAT C\u0102 ARE\u00a0 DINTRE CELE MAI DULCI TOMATE DIN LUME, AVAND 10-12% ZAH\u0102R, CEEACE ASIGURA O CONSERVARE FOARTE BUN\u0102, F\u0102RA ADAOSURI CHIMICE \u0218I POT FI USCATE LA SOARE.<\/span><\/h6>\n<h6><span style=\"color: #0000ff;\">PLANTELE SUNT EXTREM DE PRODUCTIVE<\/span> , FORMEAZ\u0102 ABUNDENT CIORCHINI DE 15-20 TOMATE, DE C\u00c2TE 20-35 GRAME FIECARE, DE CULOARE RO\u0218U-APRINS, DAU REZULTATE EXCELENTE LA CULTIVAREA \u00ceN GR\u0102DIN\u0102 DAR \u0218I IN SOLAR, FOARTE VIGUROASE, CU MUL\u021aI L\u0102STARI, ( DEP\u0102\u0218ESC 5 METRII \u00ceN\u0102L\u021aIME IN SOLAR).<\/h6>\n<h6>SOI AMERICAN, MAM\u0102 A CELEBRULUI SWEET MILLION F1.<\/h6>\n","protected":false},"excerpt":{"rendered":"<h6><span style=\"color: #ff00ff;\">EXTREM DE PRODUCTIV !<\/span><\/h6>\n<h6><span style=\"color: #ff00ff;\">DINTRE CELE MAI DULCI DIN LUME !<\/span><\/h6>\n","protected":false},"featured_media":143,"comment_status":"open","ping_status":"closed","template":"","meta":{"site-sidebar-layout":"default","site-content-layout":"default","ast-site-content-layout":"default","site-content-style":"default","site-sidebar-style":"default","ast-global-header-display":"","ast-banner-title-visibility":"","ast-main-header-display":"","ast-hfb-above-header-display":"","ast-hfb-below-header-display":"","ast-hfb-mobile-header-display":"","site-post-title":"","ast-breadcrumbs-content":"","ast-featured-img":"","footer-sml-layout":"","ast-disable-related-posts":"","theme-transparent-header-meta":"default","adv-header-id-meta":"","stick-header-meta":"","header-above-stick-meta":"","header-main-stick-meta":"","header-below-stick-meta":"","astra-migrate-meta-layouts":"set","ast-page-background-enabled":"default","ast-page-background-meta":{"desktop":{"background-color":"var(--ast-global-color-4)","background-image":"","background-repeat":"repeat","background-position":"center center","background-size":"auto","background-attachment":"scroll","background-type":"","background-media":"","overlay-type":"","overlay-color":"","overlay-opacity":"","overlay-gradient":""},"tablet":{"background-color":"","background-image":"","background-repeat":"repeat","background-position":"center center","background-size":"auto","background-attachment":"scroll","background-type":"","background-media":"","overlay-type":"","overlay-color":"","overlay-opacity":"","overlay-gradient":""},"mobile":{"background-color":"","background-image":"","background-repeat":"repeat","background-position":"center center","background-size":"auto","background-attachment":"scroll","background-type":"","background-media":"","overlay-type":"","overlay-color":"","overlay-opacity":"","overlay-gradient":""}},"ast-content-background-meta":{"desktop":{"background-color":"var(--ast-global-color-5)","background-image":"","background-repeat":"repeat","background-position":"center center","background-size":"auto","background-attachment":"scroll","background-type":"","background-media":"","overlay-type":"","overlay-color":"","overlay-opacity":"","overlay-gradient":""},"tablet":{"background-color":"var(--ast-global-color-5)","background-image":"","background-repeat":"repeat","background-position":"center center","background-size":"auto","background-attachment":"scroll","background-type":"","background-media":"","overlay-type":"","overlay-color":"","overlay-opacity":"","overlay-gradient":""},"mobile":{"background-color":"var(--ast-global-color-5)","background-image":"","background-repeat":"repeat","background-position":"center center","background-size":"auto","background-attachment":"scroll","background-type":"","background-media":"","overlay-type":"","overlay-color":"","overlay-opacity":"","overlay-gradient":""}}},"product_brand":[],"product_cat":[180,143,178,142,15],"product_tag":[],"class_list":{"0":"post-10276","1":"product","2":"type-product","3":"status-publish","4":"has-post-thumbnail","6":"product_cat-oferte-de-pret-cantitate","7":"product_cat-soiuri-timpurii-cherry","8":"product_cat-soiuri-lungi","9":"product_cat-soiuri-rosii-roz","10":"product_cat-tomate-soi","11":"pa_cantitate-100-100-seminte","12":"pa_cantitate-100-1000-seminte","13":"pa_cantitate-100-200-seminte","14":"pa_cantitate-100-300-seminte","15":"pa_cantitate-100-400-seminte","16":"pa_cantitate-100-500-seminte","17":"pa_cantitate-100-600-seminte","18":"pa_cantitate-100-800-seminte","19":"pa_cantitate-100-900-seminte","20":"desktop-align-left","21":"tablet-align-left","22":"mobile-align-left","24":"first","25":"instock","26":"sale","27":"taxable","28":"shipping-taxable","29":"purchasable","30":"product-type-variable"},"_links":{"self":[{"href":"https:\/\/vivasem.ro\/index.php?rest_route=\/wp\/v2\/product\/10276","targetHints":{"allow":["GET"]}}],"collection":[{"href":"https:\/\/vivasem.ro\/index.php?rest_route=\/wp\/v2\/product"}],"about":[{"href":"https:\/\/vivasem.ro\/index.php?rest_route=\/wp\/v2\/types\/product"}],"replies":[{"embeddable":true,"href":"https:\/\/vivasem.ro\/index.php?rest_route=%2Fwp%2Fv2%2Fcomments&post=10276"}],"wp:featuredmedia":[{"embeddable":true,"href":"https:\/\/vivasem.ro\/index.php?rest_route=\/wp\/v2\/media\/143"}],"wp:attachment":[{"href":"https:\/\/vivasem.ro\/index.php?rest_route=%2Fwp%2Fv2%2Fmedia&parent=10276"}],"wp:term":[{"taxonomy":"product_brand","embeddable":true,"href":"https:\/\/vivasem.ro\/index.php?rest_route=%2Fwp%2Fv2%2Fproduct_brand&post=10276"},{"taxonomy":"product_cat","embeddable":true,"href":"https:\/\/vivasem.ro\/index.php?rest_route=%2Fwp%2Fv2%2Fproduct_cat&post=10276"},{"taxonomy":"product_tag","embeddable":true,"href":"https:\/\/vivasem.ro\/index.php?rest_route=%2Fwp%2Fv2%2Fproduct_tag&post=10276"}],"curies":[{"name":"wp","href":"https:\/\/api.w.org\/{rel}","templated":true}]}}