{"id":9535,"date":"2023-03-07T17:36:38","date_gmt":"2023-03-07T15:36:38","guid":{"rendered":"https:\/\/vivasem.ro\/?page_id=9535"},"modified":"2026-02-26T17:51:05","modified_gmt":"2026-02-26T15:51:05","slug":"lista-neagra","status":"publish","type":"page","link":"https:\/\/vivasem.ro\/?page_id=9535","title":{"rendered":"LISTA NEAGR\u0102"},"content":{"rendered":"\n<p>Aici vor fi afi\u0219a\u021bi, cei care nu au ce face, fac comenzi pe acest sait \u0219i nu ridic\u0103 comenzile. <\/p>\n\n\n\n<p>\u00ce\u0219i bat joc de munca mai multor oameni, care muncesc cu aprovizionarea produselor, preg\u0103tirea, ambalarea, transportul, c\u0103utarea celui care a comandat \u0219i refuz\u0103 apoi s\u0103 r\u0103spund\u0103 la telefon sau la mesajele de pe email \u0219i SMS. <\/p>\n\n\n\n<p>Fiecare retur, ne cost\u0103, \u00een afar\u0103 de timpul pierdut, \u00eentre 30 si 60 Lei.<\/p>\n\n\n\n<p>Dac\u0103 ave\u021bi probleme \u0219i nu pute\u021bi ridica comanda, dup\u0103 ce a\u021bi finalizat-o pe sait, v\u0103 rug\u0103m s\u0103 ne anun\u021ba\u021bi c\u00e2t mai repede.<\/p>\n\n\n\n<p>,,PRIETENII \u201d no\u0219trii:<\/p>\n\n\n\n<p>Nicoleta Ioana -Gighera Dj. 15.02.2026 -A refuzat primirea.<\/p>\n\n\n\n<p>MARE\u0218 ELENA -Ilfov Ot.-Ian.2025-Nu a primit anterior mesaj de la curier \u0219i de aceea nu i-a r\u0103spuns la telefon.<\/p>\n\n\n\n<p>STANCU STEFANIA -N\u0103vodari Teleorman -06.2024 La a doua comand\u0103, a scris pe AWB ,,REFUZ PRIMIREA\u201d<\/p>\n\n\n\n<p>SZABADOS CRISTIAN -Arad 06.24 -Avizat, nu a ridicat pt.c\u0103 a fost plecat din tar\u0103. <\/p>\n\n\n\n<p>POPA IOANA-Floresti Cluj \/01.2024-Nu r\u0103spunde la telefon, avizat\u0103 de 3 ori&#8230;<\/p>\n\n\n\n<p>HARJABA EUGEN-Cazanesti Rm. Valcea \/02.2024  Avizat de 3 ori <\/p>\n\n\n\n<p>LUTA ZOICA-  PALANGA POPESTI- face comanda \u0219i apoi se mut\u0103 ianuarie 2024<\/p>\n\n\n\n<p>COTELICI CONSTANTIN Br\u0103ila -A refuzat comanda facut\u0103 \u00een 26.10.2023, era anun\u021bat pe sait DEFECTIUNE TEHNIC\u0102 \u0219i ca se \u00eentarzie livrarea, expediat pe 06.11.2023. A promis c\u0103 va reveni cu o alt\u0103 comand\u0103 \u00een decembrie \u0219i va achita costurile plimb\u0103rii coletului.<\/p>\n\n\n\n<p>NICOLA GEORGE -FILIA\u0218I  -A refuzat comanda 09.2023<\/p>\n\n\n\n<p>Gabriel Burnete -Comana-nu a mai venit s\u0103 ridice.2023<\/p>\n\n\n\n<p>Iulian S\u00e2rbu -Bra\u0219ov -nu a mai venit s\u0103 ridice.2023<\/p>\n\n\n\n<p>Cosmin Ciobanu-Teliu Brasov -nu a mai venit s\u0103 ridice.2023<\/p>\n\n\n\n<p>Petru\u0219 Alexandru-Apahida .Comand\u0103 #9640\/29.03.2023. Refuz direct.<\/p>\n\n\n\n<p>Ion Preda, Constan\u021ba.Comanda 08.03.2023 prin Fan Courier. -Nu r\u0103spunde la telefon ,nici la mesaje. Nu a putut fi g\u0103sit.<\/p>\n\n\n\n<p>ARDELEAN DANIELA -Timi\u0219oara  Comanda 9245\/14.02.2023 .Nu a ridicat coletul de la Post\u0103.<\/p>\n\n\n\n<p>MIHA ELLA  -Loc RO\u0218U, Jud Ilfov ,Comanda # 7170\/2022 . Spune ca nu a f\u0103cut ea comanda.Altcineva, oamenii r\u0103i.<\/p>\n\n\n\n<p>TR\u0102ISTARU MONICA -Murfatlar  Comanda # 7349\/2022. Nu a ajuns comanda \u00een 2 zile de la efectuare \u0219i i-a f\u0103cut retur.<\/p>\n\n\n\n<p>GANEA VALENTIN ANDREI-Alba-Iulia=Comanda 7843\/2022-  A fost plecat de acas\u0103&#8230;<\/p>\n","protected":false},"excerpt":{"rendered":"<p>Aici vor fi afi\u0219a\u021bi, cei care nu au ce face, fac comenzi pe acest sait \u0219i nu ridic\u0103 comenzile. \u00ce\u0219i bat joc de munca mai multor oameni, care muncesc cu aprovizionarea produselor, preg\u0103tirea, ambalarea, transportul, c\u0103utarea celui care a comandat \u0219i refuz\u0103 apoi s\u0103 r\u0103spund\u0103 la telefon sau la mesajele de pe email \u0219i SMS. [&hellip;]<\/p>\n","protected":false},"author":3,"featured_media":0,"parent":0,"menu_order":0,"comment_status":"closed","ping_status":"closed","template":"","meta":{"site-sidebar-layout":"default","site-content-layout":"","ast-site-content-layout":"default","site-content-style":"default","site-sidebar-style":"default","ast-global-header-display":"","ast-banner-title-visibility":"","ast-main-header-display":"","ast-hfb-above-header-display":"","ast-hfb-below-header-display":"","ast-hfb-mobile-header-display":"","site-post-title":"","ast-breadcrumbs-content":"","ast-featured-img":"","footer-sml-layout":"","ast-disable-related-posts":"","theme-transparent-header-meta":"","adv-header-id-meta":"","stick-header-meta":"","header-above-stick-meta":"","header-main-stick-meta":"","header-below-stick-meta":"","astra-migrate-meta-layouts":"set","ast-page-background-enabled":"default","ast-page-background-meta":{"desktop":{"background-color":"var(--ast-global-color-4)","background-image":"","background-repeat":"repeat","background-position":"center center","background-size":"auto","background-attachment":"scroll","background-type":"","background-media":"","overlay-type":"","overlay-color":"","overlay-opacity":"","overlay-gradient":""},"tablet":{"background-color":"","background-image":"","background-repeat":"repeat","background-position":"center center","background-size":"auto","background-attachment":"scroll","background-type":"","background-media":"","overlay-type":"","overlay-color":"","overlay-opacity":"","overlay-gradient":""},"mobile":{"background-color":"","background-image":"","background-repeat":"repeat","background-position":"center center","background-size":"auto","background-attachment":"scroll","background-type":"","background-media":"","overlay-type":"","overlay-color":"","overlay-opacity":"","overlay-gradient":""}},"ast-content-background-meta":{"desktop":{"background-color":"var(--ast-global-color-5)","background-image":"","background-repeat":"repeat","background-position":"center center","background-size":"auto","background-attachment":"scroll","background-type":"","background-media":"","overlay-type":"","overlay-color":"","overlay-opacity":"","overlay-gradient":""},"tablet":{"background-color":"var(--ast-global-color-5)","background-image":"","background-repeat":"repeat","background-position":"center center","background-size":"auto","background-attachment":"scroll","background-type":"","background-media":"","overlay-type":"","overlay-color":"","overlay-opacity":"","overlay-gradient":""},"mobile":{"background-color":"var(--ast-global-color-5)","background-image":"","background-repeat":"repeat","background-position":"center center","background-size":"auto","background-attachment":"scroll","background-type":"","background-media":"","overlay-type":"","overlay-color":"","overlay-opacity":"","overlay-gradient":""}},"footnotes":""},"class_list":["post-9535","page","type-page","status-publish","hentry"],"_links":{"self":[{"href":"https:\/\/vivasem.ro\/index.php?rest_route=\/wp\/v2\/pages\/9535","targetHints":{"allow":["GET"]}}],"collection":[{"href":"https:\/\/vivasem.ro\/index.php?rest_route=\/wp\/v2\/pages"}],"about":[{"href":"https:\/\/vivasem.ro\/index.php?rest_route=\/wp\/v2\/types\/page"}],"author":[{"embeddable":true,"href":"https:\/\/vivasem.ro\/index.php?rest_route=\/wp\/v2\/users\/3"}],"replies":[{"embeddable":true,"href":"https:\/\/vivasem.ro\/index.php?rest_route=%2Fwp%2Fv2%2Fcomments&post=9535"}],"version-history":[{"count":21,"href":"https:\/\/vivasem.ro\/index.php?rest_route=\/wp\/v2\/pages\/9535\/revisions"}],"predecessor-version":[{"id":19481,"href":"https:\/\/vivasem.ro\/index.php?rest_route=\/wp\/v2\/pages\/9535\/revisions\/19481"}],"wp:attachment":[{"href":"https:\/\/vivasem.ro\/index.php?rest_route=%2Fwp%2Fv2%2Fmedia&parent=9535"}],"curies":[{"name":"wp","href":"https:\/\/api.w.org\/{rel}","templated":true}]}}