{"id":245,"date":"2021-10-23T15:26:35","date_gmt":"2021-10-23T13:26:35","guid":{"rendered":"https:\/\/vivasem.ro\/?page_id=245"},"modified":"2025-12-03T13:10:16","modified_gmt":"2025-12-03T11:10:16","slug":"utile","status":"publish","type":"page","link":"https:\/\/vivasem.ro\/?page_id=245","title":{"rendered":". UTILE"},"content":{"rendered":"\n<p><strong>AMBALAREA SEMIN\u021aELOR <\/strong>. O parte din soiuri \u0219i hibrizi, se livreaz\u0103 ambalate de c\u0103tre noi, \u00een plicuri zip, din polietilen\u0103 transparent\u0103, cu sistem de \u00eenchidere-deschidere tip fermoar, care asigur\u0103 at\u00e2t o etan\u0219eietate foarte bun\u0103, c\u0103t \u0219i posibilitatea de a avea acces facil, de mai multe ori, la semin\u021be. Toate plicurile zip sunt etichetate.<\/p>\n\n\n\n<p> Alte soiuri \u0219i hibrizi ,sunt \u00een ambalajele de h\u00e2rtie ale produc\u0103torilor. La acestea recomand\u0103m, ca dup\u0103 desfacere, s\u0103 se mute semin\u021bele \u00een plicuri zip de polietilen\u0103.<\/p>\n\n\n\n<p><strong>P\u0102STRAREA SEMIN\u021aELOR.<\/strong> Se recomand\u0103 a se face \u00eentr-un loc care s\u0103 fie constant c\u00e2t mai rece, sub 15 grade, de exemplu \u00een pivni\u021b\u0103, dar ideeal ar fi \u00een frigider, \u00een ambalaje etan\u0219e, pentru a nu permite uscarea excesiv\u0103. Cel mai bine ar fi ca fiecare soi s\u0103 fie \u021binut \u00eentr-un plic zip de polietilen\u0103, iar toate plicurile s\u0103 fie puse \u00een \u00eenc\u0103 un alt ambalaj c\u00e2t mai etan\u0219 (o cutie cu capac de la o crem\u0103 cosmetic\u0103, un PET gol cu gura larg\u0103, un alt plic zip din polietilen\u0103 mai mare, o pung\u0103 legat\u0103 la gur\u0103, etc&#8230;).<\/p>\n\n\n\n<p><strong>VALABILITATEA SEMIN\u021aELOR.<\/strong> Unii produc\u0103tori marcheaz\u0103 data ob\u021binerii semin\u021belor, al\u021bii p\u00e2n\u0103 c\u00e2nd s\u0103 se foloseasc\u0103, al\u021bi data expir\u0103rii. De regul\u0103, toate semin\u021bele de legume, sunt viabile minim 3 ani de la data recolt\u0103rii.Toate aceste informatii sunt importante s\u0103 le \u0219tim, dar degeaba ni\u0219te semin\u021be mai au valabilitatea \u00eenscris\u0103, \u00eenc\u0103 2 ani, dac\u0103 au fost p\u0103strate toat\u0103 iarna pe caloriferul fierbinte, deci foarte important este locul de p\u0103strare.                                                                                                                                                                                <\/p>\n\n\n\n<p>C\u00e2nd pe etichet\u0103 g\u0103si\u021bi marcajul ,,Preferabil s\u0103 utiliza\u021bi p\u00e2n\u0103 la data de&#8230;.,, , aceasta nu \u00eenseamn\u0103 c\u0103 dac\u0103 a trecut acel termen, trebuie s\u0103 arunca\u021bi semin\u021bele. Dac\u0103 au fost corect p\u0103strate, ele vor mai germina \u0219i dup\u0103 termen, dar cu c\u00e2t aceast\u0103 dat\u0103 se \u00eendep\u0103rteaz\u0103, vor r\u0103s\u0103ri mai greu \u0219i mai pu\u021bine.                                                                                                                                                                                           <\/p>\n\n\n\n<p>Ca o excep\u021bie ce confirm\u0103 regula, eu am avut ni\u0219te semin\u021be de ro\u0219ii de care am uitat, \u0219i care, dup\u0103 9 ani de la data expir\u0103rii \u00eenscris\u0103 de produc\u0103tor, au germinat toate iar plantele s-au dezvoltat impecabil.Aceste semin\u021be le-am avut p\u0103strate \u00een frigider, \u00een pung\u0103 de polietilen\u0103.<\/p>\n\n\n\n<p><strong>TOMATELE GIGANT.<\/strong> La aceast\u0103 categorie sunt descrise soiurile sau hibrizii care pot ajunge la m\u0103rimi de peste 400 grame \u0219i p\u00e2n\u0103 la 3 kilograme.<\/p>\n\n\n\n<p> Trebuie precizat c\u0103, la acest tip de tomate, nu toate fructele de pe o plant\u0103, vor atinge astfel de greut\u0103\u021bi, ci doar o parte dintre ele. Chiar dac\u0103 multe variet\u0103\u021bi au poten\u021bial de a deveni foarte mari, pentru a ob\u021bine c\u00e2t mai multe tomate uria\u0219e, este nevoie de a li se asigura condi\u021bii optime de cre\u0219tere, de temperatur\u0103, de hr\u0103nire, de irigare.<\/p>\n\n\n\n<p>Speciali\u0219tii, recomand\u0103 s\u0103 se lase doar c\u00e2teva flori, la o plant\u0103, tocmai ca aceasta s\u0103 se concentreze doar pe acestea \u0219i astfel, s\u0103 poat\u0103 s\u0103 creasc\u0103 fructele c\u00e2t mai mari.<\/p>\n\n\n\n<p>Ca s\u0103 finaliza\u021bi comanda, dup\u0103 ce ati terminat de ales produsele, ap\u0103sa\u021bi pe <strong>CO\u0218.<\/strong><\/p>\n\n\n\n<h2 class=\"wp-block-heading\">FINALIZAREA COMENZII (INSTRUC\u021aIUNI)<\/h2>\n\n\n\n<p> Apoi alege\u021bi \u0219i bifati mai jos, MODALITATEA DE TRASPORT dorit\u0103, apoi jos de tot, bifa\u021bi pe butonul <strong>FINALIZEAZ\u0102 COMANDA. <\/strong><\/p>\n\n\n\n<p>V\u0103 apare o pagin\u0103 nou\u0103 , <strong>FINALIZEAZ\u0102 CUMP\u0102R\u0102TURILE<\/strong> , unde la BILLING DETAILS  sunt datele de facturare , pe care, dac\u0103 nu le-a\u021bi completat la \u00eenceput, trebuiesc completate acum \u0219i apoi, \u00een partea de jos de tot bifati butonul <strong>NEXT.<\/strong><\/p>\n\n\n\n<p>Se va deschide o alt\u0103 pagin\u0103 ,  <strong>SHIPPING DETTAILS,<\/strong> iar <strong>aici<\/strong> <strong>completati doar dac\u0103 doriti livrarea la alt\u0103 adres\u0103, <\/strong>apoi jos de tot bifa\u021bi <strong>NEXT<\/strong>.<\/p>\n\n\n\n<p> Se va deschide ultima pagin\u0103 <strong>ORDER REVIEW<\/strong> , cu rezumatul comenzii \u0219i a datelor de livrare .Dac\u0103 totul este corect, bifati, jos, <strong>PLASEAZA COMANDA<\/strong> . Doar dac\u0103 dori\u021bi s\u0103 mai modifica\u021bi ceva sau s\u0103 mai ad\u0103uga\u021bi produse, ap\u0103sa\u021bi pe <strong>PREVIOUS <\/strong>\u0219i v\u0103 \u00eentoarce\u021bi la fila pecedent\u0103.<\/p>\n\n\n\n<p>Dup\u0103 ce a\u021bi ap\u0103sat pe butonul PLASEAZA COMANDA ve\u021bi primi confirmarea pe e-mail, c\u0103 am primit comanda dumneavoastr\u0103. <\/p>\n\n\n\n<p>Aten\u021bie ! Dac\u0103 nu a\u021bi completat la ADRESA cu toate datele necesare, telefon, e-mail,etc&#8230; , saitul nu v\u0103 las\u0103 s\u0103 merge\u021bi la pagina urm\u0103toare.<\/p>\n\n\n\n<p>ABREVIERI BOLI PLANTE:<\/p>\n\n\n\n<figure class=\"wp-block-image size-full is-resized\"><img loading=\"lazy\" decoding=\"async\" width=\"591\" height=\"700\" src=\"https:\/\/vivasem.ro\/wp-content\/uploads\/2025\/12\/image-2.png\" alt=\"\" class=\"wp-image-17847\" style=\"width:853px;height:auto\" srcset=\"https:\/\/vivasem.ro\/wp-content\/uploads\/2025\/12\/image-2.png 591w, https:\/\/vivasem.ro\/wp-content\/uploads\/2025\/12\/image-2-253x300.png 253w, https:\/\/vivasem.ro\/wp-content\/uploads\/2025\/12\/image-2-127x150.png 127w, https:\/\/vivasem.ro\/wp-content\/uploads\/2025\/12\/image-2-248x294.png 248w\" sizes=\"auto, (max-width: 591px) 100vw, 591px\" \/><\/figure>\n\n\n\n<figure class=\"wp-block-image size-full\"><img loading=\"lazy\" decoding=\"async\" width=\"1005\" height=\"841\" src=\"https:\/\/vivasem.ro\/wp-content\/uploads\/2025\/12\/image-3.png\" alt=\"\" class=\"wp-image-17848\" srcset=\"https:\/\/vivasem.ro\/wp-content\/uploads\/2025\/12\/image-3.png 1005w, https:\/\/vivasem.ro\/wp-content\/uploads\/2025\/12\/image-3-300x251.png 300w, https:\/\/vivasem.ro\/wp-content\/uploads\/2025\/12\/image-3-150x126.png 150w, https:\/\/vivasem.ro\/wp-content\/uploads\/2025\/12\/image-3-768x643.png 768w, https:\/\/vivasem.ro\/wp-content\/uploads\/2025\/12\/image-3-248x208.png 248w, https:\/\/vivasem.ro\/wp-content\/uploads\/2025\/12\/image-3-590x494.png 590w\" sizes=\"auto, (max-width: 1005px) 100vw, 1005px\" \/><\/figure>\n\n\n\n<figure class=\"wp-block-image size-full\"><img loading=\"lazy\" decoding=\"async\" width=\"659\" height=\"700\" src=\"https:\/\/vivasem.ro\/wp-content\/uploads\/2025\/12\/image-4.png\" alt=\"\" class=\"wp-image-17850\" srcset=\"https:\/\/vivasem.ro\/wp-content\/uploads\/2025\/12\/image-4.png 659w, https:\/\/vivasem.ro\/wp-content\/uploads\/2025\/12\/image-4-282x300.png 282w, https:\/\/vivasem.ro\/wp-content\/uploads\/2025\/12\/image-4-141x150.png 141w, https:\/\/vivasem.ro\/wp-content\/uploads\/2025\/12\/image-4-248x263.png 248w, https:\/\/vivasem.ro\/wp-content\/uploads\/2025\/12\/image-4-590x627.png 590w\" sizes=\"auto, (max-width: 659px) 100vw, 659px\" \/><\/figure>\n","protected":false},"excerpt":{"rendered":"<p>AMBALAREA SEMIN\u021aELOR . O parte din soiuri \u0219i hibrizi, se livreaz\u0103 ambalate de c\u0103tre noi, \u00een plicuri zip, din polietilen\u0103 transparent\u0103, cu sistem de \u00eenchidere-deschidere tip fermoar, care asigur\u0103 at\u00e2t o etan\u0219eietate foarte bun\u0103, c\u0103t \u0219i posibilitatea de a avea acces facil, de mai multe ori, la semin\u021be. Toate plicurile zip sunt etichetate. Alte soiuri [&hellip;]<\/p>\n","protected":false},"author":2,"featured_media":0,"parent":0,"menu_order":0,"comment_status":"closed","ping_status":"closed","template":"","meta":{"site-sidebar-layout":"no-sidebar","site-content-layout":"default","ast-site-content-layout":"default","site-content-style":"default","site-sidebar-style":"default","ast-global-header-display":"","ast-banner-title-visibility":"","ast-main-header-display":"","ast-hfb-above-header-display":"","ast-hfb-below-header-display":"","ast-hfb-mobile-header-display":"","site-post-title":"","ast-breadcrumbs-content":"","ast-featured-img":"","footer-sml-layout":"","ast-disable-related-posts":"","theme-transparent-header-meta":"default","adv-header-id-meta":"","stick-header-meta":"","header-above-stick-meta":"","header-main-stick-meta":"","header-below-stick-meta":"","astra-migrate-meta-layouts":"set","ast-page-background-enabled":"default","ast-page-background-meta":{"desktop":{"background-color":"var(--ast-global-color-4)","background-image":"","background-repeat":"repeat","background-position":"center center","background-size":"auto","background-attachment":"scroll","background-type":"","background-media":"","overlay-type":"","overlay-color":"","overlay-opacity":"","overlay-gradient":""},"tablet":{"background-color":"","background-image":"","background-repeat":"repeat","background-position":"center center","background-size":"auto","background-attachment":"scroll","background-type":"","background-media":"","overlay-type":"","overlay-color":"","overlay-opacity":"","overlay-gradient":""},"mobile":{"background-color":"","background-image":"","background-repeat":"repeat","background-position":"center center","background-size":"auto","background-attachment":"scroll","background-type":"","background-media":"","overlay-type":"","overlay-color":"","overlay-opacity":"","overlay-gradient":""}},"ast-content-background-meta":{"desktop":{"background-color":"var(--ast-global-color-5)","background-image":"","background-repeat":"repeat","background-position":"center center","background-size":"auto","background-attachment":"scroll","background-type":"","background-media":"","overlay-type":"","overlay-color":"","overlay-opacity":"","overlay-gradient":""},"tablet":{"background-color":"var(--ast-global-color-5)","background-image":"","background-repeat":"repeat","background-position":"center center","background-size":"auto","background-attachment":"scroll","background-type":"","background-media":"","overlay-type":"","overlay-color":"","overlay-opacity":"","overlay-gradient":""},"mobile":{"background-color":"var(--ast-global-color-5)","background-image":"","background-repeat":"repeat","background-position":"center center","background-size":"auto","background-attachment":"scroll","background-type":"","background-media":"","overlay-type":"","overlay-color":"","overlay-opacity":"","overlay-gradient":""}},"footnotes":""},"class_list":["post-245","page","type-page","status-publish","hentry"],"_links":{"self":[{"href":"https:\/\/vivasem.ro\/index.php?rest_route=\/wp\/v2\/pages\/245","targetHints":{"allow":["GET"]}}],"collection":[{"href":"https:\/\/vivasem.ro\/index.php?rest_route=\/wp\/v2\/pages"}],"about":[{"href":"https:\/\/vivasem.ro\/index.php?rest_route=\/wp\/v2\/types\/page"}],"author":[{"embeddable":true,"href":"https:\/\/vivasem.ro\/index.php?rest_route=\/wp\/v2\/users\/2"}],"replies":[{"embeddable":true,"href":"https:\/\/vivasem.ro\/index.php?rest_route=%2Fwp%2Fv2%2Fcomments&post=245"}],"version-history":[{"count":21,"href":"https:\/\/vivasem.ro\/index.php?rest_route=\/wp\/v2\/pages\/245\/revisions"}],"predecessor-version":[{"id":17852,"href":"https:\/\/vivasem.ro\/index.php?rest_route=\/wp\/v2\/pages\/245\/revisions\/17852"}],"wp:attachment":[{"href":"https:\/\/vivasem.ro\/index.php?rest_route=%2Fwp%2Fv2%2Fmedia&parent=245"}],"curies":[{"name":"wp","href":"https:\/\/api.w.org\/{rel}","templated":true}]}}